{"id":810,"date":"2025-03-10T12:45:14","date_gmt":"2025-03-10T12:45:14","guid":{"rendered":"https:\/\/testa.ad\/?page_id=810"},"modified":"2025-07-03T14:27:34","modified_gmt":"2025-07-03T14:27:34","slug":"consultoria","status":"publish","type":"page","link":"https:\/\/testa.ad\/es\/consultoria\/","title":{"rendered":"Consultor\u00eda"},"content":{"rendered":"<div data-elementor-type=\"wp-page\" data-elementor-id=\"810\" class=\"elementor elementor-810\" data-elementor-post-type=\"page\">\n\t\t\t\t\t\t<section class=\"elementor-section elementor-top-section elementor-element elementor-element-08f79c4 elementor-section-height-min-height elementor-section-boxed elementor-section-height-default elementor-section-items-middle\" data-id=\"08f79c4\" data-element_type=\"section\" data-settings=\"{&quot;background_background&quot;:&quot;classic&quot;,&quot;background_image&quot;:{&quot;url&quot;:&quot;&quot;,&quot;id&quot;:&quot;&quot;,&quot;size&quot;:&quot;&quot;,&quot;alt&quot;:&quot;&quot;,&quot;source&quot;:&quot;library&quot;}}\">\n\t\t\t\t\t\t\t<div class=\"elementor-background-overlay\"><\/div>\n\t\t\t\t\t\t\t<div class=\"elementor-container elementor-column-gap-default\">\n\t\t\t\t\t<div class=\"elementor-column elementor-col-100 elementor-top-column elementor-element elementor-element-c39ff19\" data-id=\"c39ff19\" data-element_type=\"column\">\n\t\t\t<div class=\"elementor-widget-wrap elementor-element-populated\">\n\t\t\t\t\t\t<div class=\"elementor-element elementor-element-98dca0a elementor-widget elementor-widget-heading\" data-id=\"98dca0a\" data-element_type=\"widget\" data-widget_type=\"heading.default\">\n\t\t\t\t<div class=\"elementor-widget-container\">\n\t\t\t\t\t<h1 class=\"elementor-heading-title elementor-size-default\">Consultor\u00eda estrat\u00e9gica<\/h1>\t\t\t\t<\/div>\n\t\t\t\t<\/div>\n\t\t\t\t<div class=\"elementor-element elementor-element-202c84f elementor-widget__width-inherit elementor-widget elementor-widget-text-editor\" data-id=\"202c84f\" data-element_type=\"widget\" data-widget_type=\"text-editor.default\">\n\t\t\t\t<div class=\"elementor-widget-container\">\n\t\t\t\t\t\t\t\t\t<p>Diagnosticamos, dise\u00f1amos e impulsamos soluciones para hacer crecer a personas y organizaciones.<\/p>\t\t\t\t\t\t\t\t<\/div>\n\t\t\t\t<\/div>\n\t\t\t\t\t<\/div>\n\t\t<\/div>\n\t\t\t\t\t<\/div>\n\t\t<\/section>\n\t\t<div class=\"elementor-element elementor-element-7e17115 e-con-full e-flex e-con e-parent\" data-id=\"7e17115\" data-element_type=\"container\">\n\t\t\t\t<div class=\"elementor-element elementor-element-f1ebc96 elementor-widget__width-initial elementor-widget elementor-widget-text-editor\" data-id=\"f1ebc96\" data-element_type=\"widget\" data-widget_type=\"text-editor.default\">\n\t\t\t\t<div class=\"elementor-widget-container\">\n\t\t\t\t\t\t\t\t\t<p>Los retos en la gesti\u00f3n de personas son retos de negocio.<br data-start=\"616\" data-end=\"619\" \/>Desde Testa, te acompa\u00f1amos a construir estructuras m\u00e1s claras, liderazgos m\u00e1s alineados y equipos m\u00e1s comprometidos. Con una mirada estrat\u00e9gica y una aplicaci\u00f3n pr\u00e1ctica, desarrollamos proyectos de consultor\u00eda a medida para que el talento sea realmente una palanca de crecimiento.<\/p>\t\t\t\t\t\t\t\t<\/div>\n\t\t\t\t<\/div>\n\t\t\t\t<\/div>\n\t\t<div class=\"elementor-element elementor-element-53deacd7 e-flex e-con-boxed e-con e-parent\" data-id=\"53deacd7\" data-element_type=\"container\">\n\t\t\t\t\t<div class=\"e-con-inner\">\n\t\t\t\t<div class=\"elementor-element elementor-element-7af3e6cd ee-timeline-align--center ee-timeline-align-tablet--left ee-timeline-align-mobile--left ee-timeline-cards-align--top ee-timeline-cards-align-tablet--top ee-timeline-cards-align-mobile--top ee-timeline-animate elementor-widget elementor-widget-timeline\" data-id=\"7af3e6cd\" data-element_type=\"widget\" data-settings=\"{&quot;line_location&quot;:{&quot;unit&quot;:&quot;px&quot;,&quot;size&quot;:50,&quot;sizes&quot;:[]}}\" data-widget_type=\"timeline.default\">\n\t\t\t\t<div class=\"elementor-widget-container\">\n\t\t\t\t\t<section class=\"ee-timeline ee-timeline--vertical\"><div class=\"ee-timeline__line\">\n\t\t\t<div class=\"ee-timeline__line__inner\"><\/div>\n\t\t<\/div><div class=\"elementor-repeater-item-75d77e4 ee-timeline__item timeline-item\">\n\t\t\t\t<div class=\"timeline-item__point\"><span class=\"ee-icon ee-icon-support--svg ee-timeline__item__icon\"><i aria-hidden=\"true\" class=\"icon icon-home2\"><\/i><\/span><\/div>\n\t\t\t\t<div class=\"timeline-item__card-wrapper\">\n\t\t\t\t\t<div class=\"timeline-item__card\">\n\n\t\t\t\t\t\t<div class=\"timeline-item__content-wrapper\"><div class=\"timeline-item__content\"><!-- meta -->\n\t\t<div class=\"timeline-item__meta meta\">\n\t\t\t\t\t<\/div><div class=\"timeline-item__content__wysiwyg\">\n\t\t\t\t<h2><b>Cultura<\/b><\/h2><ul><li>Diagn\u00f3stico de cultura.<\/li><li>Definici\u00f3n de la misi\u00f3n, visi\u00f3n y prop\u00f3sito.<\/li><li>Definici\u00f3n de valores corporativos.<\/li><li>Definici\u00f3n de modelo de liderazgo<\/li><li>Gesti\u00f3n del cambio cultural.<\/li><\/ul>\t\t\t<\/div>\n\t\t<\/div><\/div><div class=\"timeline-item__card__arrow\"><\/div><\/div>\n\t\t\t\t<\/div>\n\t\t\t\t<div class=\"timeline-item__meta-wrapper\"><!-- meta -->\n\t\t<div class=\"timeline-item__meta meta timeline-item__meta meta\">\n\t\t\t\t\t<\/div><\/div>\n\t\t\t<\/div><div class=\"elementor-repeater-item-5c2f2c8 ee-timeline__item timeline-item\">\n\t\t\t\t<div class=\"timeline-item__point\"><span class=\"ee-icon ee-icon-support--svg ee-timeline__item__icon\"><i aria-hidden=\"true\" class=\"jki jki-team-1-line\"><\/i><\/span><\/div>\n\t\t\t\t<div class=\"timeline-item__card-wrapper\">\n\t\t\t\t\t<div class=\"timeline-item__card\">\n\n\t\t\t\t\t\t<div class=\"timeline-item__content-wrapper\"><div class=\"timeline-item__content\"><!-- meta -->\n\t\t<div class=\"timeline-item__meta meta\">\n\t\t\t\t\t<\/div><div class=\"timeline-item__content__wysiwyg\">\n\t\t\t\t<h2><b>Organizaci\u00f3n<\/b><\/h2><ul><li>Dise\u00f1o del organigrama\u00a0<i>AS IS<\/i>\u00a0y el organigrama\u00a0<i>TO BE<\/i>.<\/li><li>Elaboraci\u00f3n de las descripciones de puesto de trabajo.<\/li><li>Valoraci\u00f3n de puestos de trabajo.<\/li><li>An\u00e1lisis retributivo (interno y externo).<\/li><\/ul>\t\t\t<\/div>\n\t\t<\/div><\/div><div class=\"timeline-item__card__arrow\"><\/div><\/div>\n\t\t\t\t<\/div>\n\t\t\t\t<div class=\"timeline-item__meta-wrapper\"><!-- meta -->\n\t\t<div class=\"timeline-item__meta meta timeline-item__meta meta\">\n\t\t\t\t\t<\/div><\/div>\n\t\t\t<\/div><div class=\"elementor-repeater-item-14c6167 ee-timeline__item timeline-item\">\n\t\t\t\t<div class=\"timeline-item__point\"><span class=\"ee-icon ee-icon-support--svg ee-timeline__item__icon\"><i aria-hidden=\"true\" class=\"jki jki-eye-line\"><\/i><\/span><\/div>\n\t\t\t\t<div class=\"timeline-item__card-wrapper\">\n\t\t\t\t\t<div class=\"timeline-item__card\">\n\n\t\t\t\t\t\t<div class=\"timeline-item__content-wrapper\"><div class=\"timeline-item__content\"><!-- meta -->\n\t\t<div class=\"timeline-item__meta meta\">\n\t\t\t\t\t<\/div><div class=\"timeline-item__content__wysiwyg\">\n\t\t\t\t<h2><b>Evaluaci\u00f3n talento<br \/><\/b><\/h2><ul><li>Definici\u00f3n de competencias.<\/li><li>Dise\u00f1o de modelos de gesti\u00f3n del desempe\u00f1o.<\/li><li>Evaluaci\u00f3n del talento (Entrevistas por incidentes cr\u00edticos,\u00a0<i>Assessment Center<\/i>,\u00a0<i>Development Center<\/i>, Evaluaci\u00f3n 360\u00ba).<\/li><li>Elaboraci\u00f3n del mapa de talento.<\/li><li>Identificaci\u00f3n de potenciales.<\/li><li>Dise\u00f1o del plan de sucesi\u00f3n<\/li><\/ul>\t\t\t<\/div>\n\t\t<\/div><\/div><div class=\"timeline-item__card__arrow\"><\/div><\/div>\n\t\t\t\t<\/div>\n\t\t\t\t<div class=\"timeline-item__meta-wrapper\"><!-- meta -->\n\t\t<div class=\"timeline-item__meta meta timeline-item__meta meta\">\n\t\t\t\t\t<\/div><\/div>\n\t\t\t<\/div><div class=\"elementor-repeater-item-7a44481 ee-timeline__item timeline-item\">\n\t\t\t\t<div class=\"timeline-item__point\"><span class=\"ee-icon ee-icon-support--svg ee-timeline__item__icon\"><i aria-hidden=\"true\" class=\"jki jki-book-line\"><\/i><\/span><\/div>\n\t\t\t\t<div class=\"timeline-item__card-wrapper\">\n\t\t\t\t\t<div class=\"timeline-item__card\">\n\n\t\t\t\t\t\t<div class=\"timeline-item__content-wrapper\"><div class=\"timeline-item__content\"><!-- meta -->\n\t\t<div class=\"timeline-item__meta meta\">\n\t\t\t\t\t<\/div><div class=\"timeline-item__content__wysiwyg\">\n\t\t\t\t<h2><b>Formaci\u00f3n<\/b><\/h2><ul type=\"disc\"><li class=\"m_-6650848522164503531MsoListParagraph\">Dise\u00f1o de la estrategia de formaci\u00f3n y desarrollo.<u><\/u><u><\/u><\/li><li class=\"m_-6650848522164503531MsoListParagraph\">Elaboraci\u00f3n del plan de formaci\u00f3n y desarrollo.<u><\/u><u><\/u><\/li><li class=\"m_-6650848522164503531MsoListParagraph\">Dise\u00f1o de programas de desarrollo y\/o acciones formativas para l\u00edderes.<u><\/u><u><\/u><\/li><li class=\"m_-6650848522164503531MsoListParagraph\"><span lang=\"EN-US\">Dise\u00f1o de programas de desarrollo y\/o acciones formativas para colaboradores.\u00a0\u00a0<u><\/u><u><\/u><\/span><\/li><li class=\"m_-6650848522164503531MsoListParagraph\">Ejecuci\u00f3n de programas de desarrollo y\/o acciones formativas para l\u00edderes.<u><\/u><u><\/u><\/li><li class=\"m_-6650848522164503531MsoListParagraph\">Ejecuci\u00f3n de programas de desarrollo y\/o acciones formativas para colaboradores.<\/li><\/ul>\t\t\t<\/div>\n\t\t<\/div><\/div><div class=\"timeline-item__card__arrow\"><\/div><\/div>\n\t\t\t\t<\/div>\n\t\t\t\t<div class=\"timeline-item__meta-wrapper\"><!-- meta -->\n\t\t<div class=\"timeline-item__meta meta timeline-item__meta meta\">\n\t\t\t\t\t<\/div><\/div>\n\t\t\t<\/div><div class=\"elementor-repeater-item-bd6217b ee-timeline__item timeline-item\">\n\t\t\t\t<div class=\"timeline-item__point\"><span class=\"ee-icon ee-icon-support--svg ee-timeline__item__icon\"><svg aria-hidden=\"true\" class=\"e-font-icon-svg e-fas-cog\" viewbox=\"0 0 512 512\" xmlns=\"http:\/\/www.w3.org\/2000\/svg\"><path d=\"M487.4 315.7l-42.6-24.6c4.3-23.2 4.3-47 0-70.2l42.6-24.6c4.9-2.8 7.1-8.6 5.5-14-11.1-35.6-30-67.8-54.7-94.6-3.8-4.1-10-5.1-14.8-2.3L380.8 110c-17.9-15.4-38.5-27.3-60.8-35.1V25.8c0-5.6-3.9-10.5-9.4-11.7-36.7-8.2-74.3-7.8-109.2 0-5.5 1.2-9.4 6.1-9.4 11.7V75c-22.2 7.9-42.8 19.8-60.8 35.1L88.7 85.5c-4.9-2.8-11-1.9-14.8 2.3-24.7 26.7-43.6 58.9-54.7 94.6-1.7 5.4.6 11.2 5.5 14L67.3 221c-4.3 23.2-4.3 47 0 70.2l-42.6 24.6c-4.9 2.8-7.1 8.6-5.5 14 11.1 35.6 30 67.8 54.7 94.6 3.8 4.1 10 5.1 14.8 2.3l42.6-24.6c17.9 15.4 38.5 27.3 60.8 35.1v49.2c0 5.6 3.9 10.5 9.4 11.7 36.7 8.2 74.3 7.8 109.2 0 5.5-1.2 9.4-6.1 9.4-11.7v-49.2c22.2-7.9 42.8-19.8 60.8-35.1l42.6 24.6c4.9 2.8 11 1.9 14.8-2.3 24.7-26.7 43.6-58.9 54.7-94.6 1.5-5.5-.7-11.3-5.6-14.1zM256 336c-44.1 0-80-35.9-80-80s35.9-80 80-80 80 35.9 80 80-35.9 80-80 80z\"><\/path><\/svg><\/span><\/div>\n\t\t\t\t<div class=\"timeline-item__card-wrapper\">\n\t\t\t\t\t<div class=\"timeline-item__card\">\n\n\t\t\t\t\t\t<div class=\"timeline-item__content-wrapper\"><div class=\"timeline-item__content\"><!-- meta -->\n\t\t<div class=\"timeline-item__meta meta\">\n\t\t\t\t\t<\/div><div class=\"timeline-item__content__wysiwyg\">\n\t\t\t\t<h2><b>Procesos<\/b><\/h2><ul type=\"disc\"><li class=\"m_-6650848522164503531MsoListParagraph\">Dise\u00f1o y mejora de los procesos de Recursos Humanos.<u><\/u><u><\/u><\/li><li class=\"m_-6650848522164503531MsoListParagraph\">Elaboraci\u00f3n de pol\u00edticas de recursos humanos.<u><\/u><u><\/u><\/li><li class=\"m_-6650848522164503531MsoListParagraph\">An\u00e1lisis de distintas herramientas y\/o soluciones de Recursos Humanos para soportar los procesos de Recursos Humanos.<\/li><\/ul>\t\t\t<\/div>\n\t\t<\/div><\/div><div class=\"timeline-item__card__arrow\"><\/div><\/div>\n\t\t\t\t<\/div>\n\t\t\t\t<div class=\"timeline-item__meta-wrapper\"><!-- meta -->\n\t\t<div class=\"timeline-item__meta meta timeline-item__meta meta\">\n\t\t\t\t\t<\/div><\/div>\n\t\t\t<\/div><div class=\"elementor-repeater-item-e366f2f ee-timeline__item timeline-item\">\n\t\t\t\t<div class=\"timeline-item__point\"><span class=\"ee-icon ee-icon-support--svg ee-timeline__item__icon\"><svg aria-hidden=\"true\" class=\"e-font-icon-svg e-fas-project-diagram\" viewbox=\"0 0 640 512\" xmlns=\"http:\/\/www.w3.org\/2000\/svg\"><path d=\"M384 320H256c-17.67 0-32 14.33-32 32v128c0 17.67 14.33 32 32 32h128c17.67 0 32-14.33 32-32V352c0-17.67-14.33-32-32-32zM192 32c0-17.67-14.33-32-32-32H32C14.33 0 0 14.33 0 32v128c0 17.67 14.33 32 32 32h95.72l73.16 128.04C211.98 300.98 232.4 288 256 288h.28L192 175.51V128h224V64H192V32zM608 0H480c-17.67 0-32 14.33-32 32v128c0 17.67 14.33 32 32 32h128c17.67 0 32-14.33 32-32V32c0-17.67-14.33-32-32-32z\"><\/path><\/svg><\/span><\/div>\n\t\t\t\t<div class=\"timeline-item__card-wrapper\">\n\t\t\t\t\t<div class=\"timeline-item__card\">\n\n\t\t\t\t\t\t<div class=\"timeline-item__content-wrapper\"><div class=\"timeline-item__content\"><!-- meta -->\n\t\t<div class=\"timeline-item__meta meta\">\n\t\t\t\t\t<\/div><div class=\"timeline-item__content__wysiwyg\">\n\t\t\t\t<h2><b>Gesti\u00f3n proyectos<br \/><\/b><\/h2><ul type=\"disc\"><li class=\"m_-6650848522164503531MsoListParagraph\">Dise\u00f1o y planificaci\u00f3n del proyecto.<u><\/u><u><\/u><\/li><li class=\"m_-6650848522164503531MsoListParagraph\">Implementaci\u00f3n y ejecuci\u00f3n del proyecto.<u><\/u><u><\/u><\/li><li class=\"m_-6650848522164503531MsoListParagraph\">Monitorizaci\u00f3n y seguimiento del impacto<\/li><\/ul>\t\t\t<\/div>\n\t\t<\/div><\/div><div class=\"timeline-item__card__arrow\"><\/div><\/div>\n\t\t\t\t<\/div>\n\t\t\t\t<div class=\"timeline-item__meta-wrapper\"><!-- meta -->\n\t\t<div class=\"timeline-item__meta meta timeline-item__meta meta\">\n\t\t\t\t\t<\/div><\/div>\n\t\t\t<\/div><div class=\"elementor-repeater-item-d3e962f ee-timeline__item timeline-item\">\n\t\t\t\t<div class=\"timeline-item__point\"><span class=\"ee-icon ee-icon-support--svg ee-timeline__item__icon\"><svg aria-hidden=\"true\" class=\"e-font-icon-svg e-fas-recycle\" viewbox=\"0 0 512 512\" xmlns=\"http:\/\/www.w3.org\/2000\/svg\"><path d=\"M184.561 261.903c3.232 13.997-12.123 24.635-24.068 17.168l-40.736-25.455-50.867 81.402C55.606 356.273 70.96 384 96.012 384H148c6.627 0 12 5.373 12 12v40c0 6.627-5.373 12-12 12H96.115c-75.334 0-121.302-83.048-81.408-146.88l50.822-81.388-40.725-25.448c-12.081-7.547-8.966-25.961 4.879-29.158l110.237-25.45c8.611-1.988 17.201 3.381 19.189 11.99l25.452 110.237zm98.561-182.915l41.289 66.076-40.74 25.457c-12.051 7.528-9 25.953 4.879 29.158l110.237 25.45c8.672 1.999 17.215-3.438 19.189-11.99l25.45-110.237c3.197-13.844-11.99-24.719-24.068-17.168l-40.687 25.424-41.263-66.082c-37.521-60.033-125.209-60.171-162.816 0l-17.963 28.766c-3.51 5.62-1.8 13.021 3.82 16.533l33.919 21.195c5.62 3.512 13.024 1.803 16.536-3.817l17.961-28.743c12.712-20.341 41.973-19.676 54.257-.022zM497.288 301.12l-27.515-44.065c-3.511-5.623-10.916-7.334-16.538-3.821l-33.861 21.159c-5.62 3.512-7.33 10.915-3.818 16.536l27.564 44.112c13.257 21.211-2.057 48.96-27.136 48.96H320V336.02c0-14.213-17.242-21.383-27.313-11.313l-80 79.981c-6.249 6.248-6.249 16.379 0 22.627l80 79.989C302.689 517.308 320 510.3 320 495.989V448h95.88c75.274 0 121.335-82.997 81.408-146.88z\"><\/path><\/svg><\/span><\/div>\n\t\t\t\t<div class=\"timeline-item__card-wrapper\">\n\t\t\t\t\t<div class=\"timeline-item__card\">\n\n\t\t\t\t\t\t<div class=\"timeline-item__content-wrapper\"><div class=\"timeline-item__content\"><!-- meta -->\n\t\t<div class=\"timeline-item__meta meta\">\n\t\t\t\t\t<\/div><div class=\"timeline-item__content__wysiwyg\">\n\t\t\t\t<h2><b>Gesti\u00f3n del cambio<br \/><\/b><\/h2><ul type=\"disc\"><li class=\"m_-6650848522164503531MsoListParagraph\">Diagn\u00f3stico y evaluaci\u00f3n del cambio.<u><\/u><u><\/u><\/li><li class=\"m_-6650848522164503531MsoListParagraph\">Dise\u00f1o de la estrategia de gesti\u00f3n del cambio.<u><\/u><u><\/u><\/li><li class=\"m_-6650848522164503531MsoListParagraph\">Elaboraci\u00f3n del plan de gesti\u00f3n del cambio.<u><\/u><u><\/u><\/li><li class=\"m_-6650848522164503531MsoListParagraph\">Acompa\u00f1amiento y seguimiento en el despliegue<\/li><\/ul>\t\t\t<\/div>\n\t\t<\/div><\/div><div class=\"timeline-item__card__arrow\"><\/div><\/div>\n\t\t\t\t<\/div>\n\t\t\t\t<div class=\"timeline-item__meta-wrapper\"><!-- meta -->\n\t\t<div class=\"timeline-item__meta meta timeline-item__meta meta\">\n\t\t\t\t\t<\/div><\/div>\n\t\t\t<\/div><\/section>\t\t\t\t<\/div>\n\t\t\t\t<\/div>\n\t\t\t\t\t<\/div>\n\t\t\t\t<\/div>\n\t\t\t\t<\/div>","protected":false},"excerpt":{"rendered":"<p>Consultoria estrat\u00e8gica Diagnostiquem, dissenyem i impulsem solucions per fer cr\u00e8ixer persones i organitzacions. Els reptes en la gesti\u00f3 de persones [&hellip;]<\/p>","protected":false},"author":1,"featured_media":0,"parent":0,"menu_order":0,"comment_status":"closed","ping_status":"closed","template":"","meta":{"site-sidebar-layout":"no-sidebar","site-content-layout":"","ast-site-content-layout":"full-width-container","site-content-style":"default","site-sidebar-style":"default","ast-global-header-display":"","ast-banner-title-visibility":"","ast-main-header-display":"","ast-hfb-above-header-display":"","ast-hfb-below-header-display":"","ast-hfb-mobile-header-display":"","site-post-title":"disabled","ast-breadcrumbs-content":"","ast-featured-img":"disabled","footer-sml-layout":"","theme-transparent-header-meta":"","adv-header-id-meta":"","stick-header-meta":"","header-above-stick-meta":"","header-main-stick-meta":"","header-below-stick-meta":"","astra-migrate-meta-layouts":"default","ast-page-background-enabled":"default","ast-page-background-meta":{"desktop":{"background-color":"var(--ast-global-color-5)","background-image":"","background-repeat":"repeat","background-position":"center center","background-size":"auto","background-attachment":"scroll","background-type":"","background-media":"","overlay-type":"","overlay-color":"","overlay-opacity":"","overlay-gradient":""},"tablet":{"background-color":"","background-image":"","background-repeat":"repeat","background-position":"center center","background-size":"auto","background-attachment":"scroll","background-type":"","background-media":"","overlay-type":"","overlay-color":"","overlay-opacity":"","overlay-gradient":""},"mobile":{"background-color":"","background-image":"","background-repeat":"repeat","background-position":"center center","background-size":"auto","background-attachment":"scroll","background-type":"","background-media":"","overlay-type":"","overlay-color":"","overlay-opacity":"","overlay-gradient":""}},"ast-content-background-meta":{"desktop":{"background-color":"var(--ast-global-color-4)","background-image":"","background-repeat":"repeat","background-position":"center center","background-size":"auto","background-attachment":"scroll","background-type":"","background-media":"","overlay-type":"","overlay-color":"","overlay-opacity":"","overlay-gradient":""},"tablet":{"background-color":"var(--ast-global-color-4)","background-image":"","background-repeat":"repeat","background-position":"center center","background-size":"auto","background-attachment":"scroll","background-type":"","background-media":"","overlay-type":"","overlay-color":"","overlay-opacity":"","overlay-gradient":""},"mobile":{"background-color":"var(--ast-global-color-4)","background-image":"","background-repeat":"repeat","background-position":"center center","background-size":"auto","background-attachment":"scroll","background-type":"","background-media":"","overlay-type":"","overlay-color":"","overlay-opacity":"","overlay-gradient":""}},"footnotes":""},"class_list":["post-810","page","type-page","status-publish","hentry"],"yoast_head":"<!-- This site is optimized with the Yoast SEO plugin v25.4 - https:\/\/yoast.com\/wordpress\/plugins\/seo\/ -->\n<title>Consultoria - Testa<\/title>\n<meta name=\"robots\" content=\"index, follow, max-snippet:-1, max-image-preview:large, max-video-preview:-1\" \/>\n<link rel=\"canonical\" href=\"https:\/\/testa.ad\/es\/consultoria\/\" \/>\n<meta property=\"og:locale\" content=\"es_ES\" \/>\n<meta property=\"og:type\" content=\"article\" \/>\n<meta property=\"og:title\" content=\"Consultoria - Testa\" \/>\n<meta property=\"og:description\" content=\"Consultoria estrat\u00e8gica Diagnostiquem, dissenyem i impulsem solucions per fer cr\u00e8ixer persones i organitzacions. Els reptes en la gesti\u00f3 de persones [&hellip;]\" \/>\n<meta property=\"og:url\" content=\"https:\/\/testa.ad\/es\/consultoria\/\" \/>\n<meta property=\"og:site_name\" content=\"Testa\" \/>\n<meta property=\"article:publisher\" content=\"https:\/\/www.facebook.com\/people\/Testa\/100087945889060\/\" \/>\n<meta property=\"article:modified_time\" content=\"2025-07-03T14:27:34+00:00\" \/>\n<meta name=\"twitter:card\" content=\"summary_large_image\" \/>\n<meta name=\"twitter:label1\" content=\"Tiempo de lectura\" \/>\n\t<meta name=\"twitter:data1\" content=\"2 minutos\" \/>\n<script type=\"application\/ld+json\" class=\"yoast-schema-graph\">{\"@context\":\"https:\/\/schema.org\",\"@graph\":[{\"@type\":\"WebPage\",\"@id\":\"https:\/\/testa.ad\/consultoria\/\",\"url\":\"https:\/\/testa.ad\/consultoria\/\",\"name\":\"Consultoria - Testa\",\"isPartOf\":{\"@id\":\"https:\/\/testa.ad\/#website\"},\"datePublished\":\"2025-03-10T12:45:14+00:00\",\"dateModified\":\"2025-07-03T14:27:34+00:00\",\"breadcrumb\":{\"@id\":\"https:\/\/testa.ad\/consultoria\/#breadcrumb\"},\"inLanguage\":\"es\",\"potentialAction\":[{\"@type\":\"ReadAction\",\"target\":[\"https:\/\/testa.ad\/consultoria\/\"]}]},{\"@type\":\"BreadcrumbList\",\"@id\":\"https:\/\/testa.ad\/consultoria\/#breadcrumb\",\"itemListElement\":[{\"@type\":\"ListItem\",\"position\":1,\"name\":\"Inici\",\"item\":\"https:\/\/testa.ad\/\"},{\"@type\":\"ListItem\",\"position\":2,\"name\":\"Consultoria\"}]},{\"@type\":\"WebSite\",\"@id\":\"https:\/\/testa.ad\/#website\",\"url\":\"https:\/\/testa.ad\/\",\"name\":\"Testa\",\"description\":\"\",\"publisher\":{\"@id\":\"https:\/\/testa.ad\/#organization\"},\"potentialAction\":[{\"@type\":\"SearchAction\",\"target\":{\"@type\":\"EntryPoint\",\"urlTemplate\":\"https:\/\/testa.ad\/?s={search_term_string}\"},\"query-input\":{\"@type\":\"PropertyValueSpecification\",\"valueRequired\":true,\"valueName\":\"search_term_string\"}}],\"inLanguage\":\"es\"},{\"@type\":\"Organization\",\"@id\":\"https:\/\/testa.ad\/#organization\",\"name\":\"Testa\",\"url\":\"https:\/\/testa.ad\/\",\"logo\":{\"@type\":\"ImageObject\",\"inLanguage\":\"es\",\"@id\":\"https:\/\/testa.ad\/#\/schema\/logo\/image\/\",\"url\":\"https:\/\/testa.ad\/wp-content\/uploads\/2025\/02\/cropped-Copia-de-LOGO-FONS-BLANC-04.png\",\"contentUrl\":\"https:\/\/testa.ad\/wp-content\/uploads\/2025\/02\/cropped-Copia-de-LOGO-FONS-BLANC-04.png\",\"width\":512,\"height\":512,\"caption\":\"Testa\"},\"image\":{\"@id\":\"https:\/\/testa.ad\/#\/schema\/logo\/image\/\"},\"sameAs\":[\"https:\/\/www.facebook.com\/people\/Testa\/100087945889060\/\",\"https:\/\/www.linkedin.com\/company\/testa-human-resources\",\"https:\/\/www.instagram.com\/testa_rrhh\/\"]}]}<\/script>\n<!-- \/ Yoast SEO plugin. -->","yoast_head_json":{"title":"Consultoria - Testa","robots":{"index":"index","follow":"follow","max-snippet":"max-snippet:-1","max-image-preview":"max-image-preview:large","max-video-preview":"max-video-preview:-1"},"canonical":"https:\/\/testa.ad\/es\/consultoria\/","og_locale":"es_ES","og_type":"article","og_title":"Consultoria - Testa","og_description":"Consultoria estrat\u00e8gica Diagnostiquem, dissenyem i impulsem solucions per fer cr\u00e8ixer persones i organitzacions. Els reptes en la gesti\u00f3 de persones [&hellip;]","og_url":"https:\/\/testa.ad\/es\/consultoria\/","og_site_name":"Testa","article_publisher":"https:\/\/www.facebook.com\/people\/Testa\/100087945889060\/","article_modified_time":"2025-07-03T14:27:34+00:00","twitter_card":"summary_large_image","twitter_misc":{"Tiempo de lectura":"2 minutos"},"schema":{"@context":"https:\/\/schema.org","@graph":[{"@type":"WebPage","@id":"https:\/\/testa.ad\/consultoria\/","url":"https:\/\/testa.ad\/consultoria\/","name":"Consultoria - Testa","isPartOf":{"@id":"https:\/\/testa.ad\/#website"},"datePublished":"2025-03-10T12:45:14+00:00","dateModified":"2025-07-03T14:27:34+00:00","breadcrumb":{"@id":"https:\/\/testa.ad\/consultoria\/#breadcrumb"},"inLanguage":"es","potentialAction":[{"@type":"ReadAction","target":["https:\/\/testa.ad\/consultoria\/"]}]},{"@type":"BreadcrumbList","@id":"https:\/\/testa.ad\/consultoria\/#breadcrumb","itemListElement":[{"@type":"ListItem","position":1,"name":"Inici","item":"https:\/\/testa.ad\/"},{"@type":"ListItem","position":2,"name":"Consultoria"}]},{"@type":"WebSite","@id":"https:\/\/testa.ad\/#website","url":"https:\/\/testa.ad\/","name":"Testa","description":"","publisher":{"@id":"https:\/\/testa.ad\/#organization"},"potentialAction":[{"@type":"SearchAction","target":{"@type":"EntryPoint","urlTemplate":"https:\/\/testa.ad\/?s={search_term_string}"},"query-input":{"@type":"PropertyValueSpecification","valueRequired":true,"valueName":"search_term_string"}}],"inLanguage":"es"},{"@type":"Organization","@id":"https:\/\/testa.ad\/#organization","name":"Testa","url":"https:\/\/testa.ad\/","logo":{"@type":"ImageObject","inLanguage":"es","@id":"https:\/\/testa.ad\/#\/schema\/logo\/image\/","url":"https:\/\/testa.ad\/wp-content\/uploads\/2025\/02\/cropped-Copia-de-LOGO-FONS-BLANC-04.png","contentUrl":"https:\/\/testa.ad\/wp-content\/uploads\/2025\/02\/cropped-Copia-de-LOGO-FONS-BLANC-04.png","width":512,"height":512,"caption":"Testa"},"image":{"@id":"https:\/\/testa.ad\/#\/schema\/logo\/image\/"},"sameAs":["https:\/\/www.facebook.com\/people\/Testa\/100087945889060\/","https:\/\/www.linkedin.com\/company\/testa-human-resources","https:\/\/www.instagram.com\/testa_rrhh\/"]}]}},"_links":{"self":[{"href":"https:\/\/testa.ad\/es\/wp-json\/wp\/v2\/pages\/810","targetHints":{"allow":["GET"]}}],"collection":[{"href":"https:\/\/testa.ad\/es\/wp-json\/wp\/v2\/pages"}],"about":[{"href":"https:\/\/testa.ad\/es\/wp-json\/wp\/v2\/types\/page"}],"author":[{"embeddable":true,"href":"https:\/\/testa.ad\/es\/wp-json\/wp\/v2\/users\/1"}],"replies":[{"embeddable":true,"href":"https:\/\/testa.ad\/es\/wp-json\/wp\/v2\/comments?post=810"}],"version-history":[{"count":0,"href":"https:\/\/testa.ad\/es\/wp-json\/wp\/v2\/pages\/810\/revisions"}],"wp:attachment":[{"href":"https:\/\/testa.ad\/es\/wp-json\/wp\/v2\/media?parent=810"}],"curies":[{"name":"wp","href":"https:\/\/api.w.org\/{rel}","templated":true}]}}