{"id":347,"date":"2025-02-25T09:15:35","date_gmt":"2025-02-25T09:15:35","guid":{"rendered":"https:\/\/testa.ad\/?page_id=347"},"modified":"2025-08-19T15:55:56","modified_gmt":"2025-08-19T15:55:56","slug":"vacants-actuals","status":"publish","type":"page","link":"https:\/\/testa.ad\/es\/vacantes-actuales\/","title":{"rendered":"Vacantes actuales"},"content":{"rendered":"<div data-elementor-type=\"wp-page\" data-elementor-id=\"347\" class=\"elementor elementor-347\" data-elementor-post-type=\"page\">\n\t\t\t\t\t\t<section class=\"elementor-section elementor-top-section elementor-element elementor-element-1908955f elementor-section-height-min-height elementor-section-boxed elementor-section-height-default elementor-section-items-middle\" data-id=\"1908955f\" data-element_type=\"section\" data-settings=\"{&quot;background_background&quot;:&quot;classic&quot;,&quot;background_image&quot;:{&quot;url&quot;:&quot;&quot;,&quot;id&quot;:&quot;&quot;,&quot;size&quot;:&quot;&quot;,&quot;alt&quot;:&quot;&quot;,&quot;source&quot;:&quot;library&quot;}}\">\n\t\t\t\t\t\t\t<div class=\"elementor-background-overlay\"><\/div>\n\t\t\t\t\t\t\t<div class=\"elementor-container elementor-column-gap-default\">\n\t\t\t\t\t<div class=\"elementor-column elementor-col-100 elementor-top-column elementor-element elementor-element-181434bf\" data-id=\"181434bf\" data-element_type=\"column\">\n\t\t\t<div class=\"elementor-widget-wrap elementor-element-populated\">\n\t\t\t\t\t\t<div class=\"elementor-element elementor-element-60a62f1c elementor-widget elementor-widget-heading\" data-id=\"60a62f1c\" data-element_type=\"widget\" data-widget_type=\"heading.default\">\n\t\t\t\t<div class=\"elementor-widget-container\">\n\t\t\t\t\t<h1 class=\"elementor-heading-title elementor-size-default\">Vacantes actuales<\/h1>\t\t\t\t<\/div>\n\t\t\t\t<\/div>\n\t\t\t\t<div class=\"elementor-element elementor-element-6d09cc12 elementor-widget elementor-widget-text-editor\" data-id=\"6d09cc12\" data-element_type=\"widget\" data-widget_type=\"text-editor.default\">\n\t\t\t\t<div class=\"elementor-widget-container\">\n\t\t\t\t\t\t\t\t\t<p>T\u00fa aportas el talento, nosotros la oportunidad adecuada<\/p>\t\t\t\t\t\t\t\t<\/div>\n\t\t\t\t<\/div>\n\t\t\t\t\t<\/div>\n\t\t<\/div>\n\t\t\t\t\t<\/div>\n\t\t<\/section>\n\t\t<div class=\"elementor-element elementor-element-0cfd01d e-flex e-con-boxed e-con e-parent\" data-id=\"0cfd01d\" data-element_type=\"container\">\n\t\t\t\t\t<div class=\"e-con-inner\">\n\t\t\t\t<div class=\"elementor-element elementor-element-a69c2d7 elementor-widget elementor-widget-spacer\" data-id=\"a69c2d7\" data-element_type=\"widget\" data-widget_type=\"spacer.default\">\n\t\t\t\t<div class=\"elementor-widget-container\">\n\t\t\t\t\t\t\t<div class=\"elementor-spacer\">\n\t\t\t<div class=\"elementor-spacer-inner\"><\/div>\n\t\t<\/div>\n\t\t\t\t\t\t<\/div>\n\t\t\t\t<\/div>\n\t\t\t\t<div class=\"elementor-element elementor-element-362d894 elementor-widget__width-inherit elementor-widget elementor-widget-text-editor\" data-id=\"362d894\" data-element_type=\"widget\" data-widget_type=\"text-editor.default\">\n\t\t\t\t<div class=\"elementor-widget-container\">\n\t\t\t\t\t\t\t\t\t<p data-start=\"521\" data-end=\"655\">Aqu\u00ed encontrar\u00e1s las vacantes que estamos gestionando en la actualidad, con informaci\u00f3n clara y actualizada.<\/p><p data-start=\"815\" data-end=\"992\">Si alguna te interesa, aplica con confianza. Y si no encuentras tu sitio ideal, reg\u00edstrate o env\u00edanos tu CV, nos encantar\u00eda tenerte en el radar para futuras oportunidades.<\/p>\t\t\t\t\t\t\t\t<\/div>\n\t\t\t\t<\/div>\n\t\t\t\t\t<\/div>\n\t\t\t\t<\/div>\n\t\t<div class=\"elementor-element elementor-element-92595a5 e-flex e-con-boxed e-con e-parent\" data-id=\"92595a5\" data-element_type=\"container\">\n\t\t\t\t\t<div class=\"e-con-inner\">\n\t\t\t\t<div class=\"elementor-element elementor-element-6cd326e elementor-widget elementor-widget-html\" data-id=\"6cd326e\" data-element_type=\"widget\" data-widget_type=\"html.default\">\n\t\t\t\t<div class=\"elementor-widget-container\">\n\t\t\t\t\t<iframe\n                                                                style=\"height:1000px;width:1000px;max-width:100%;max-height:100%;border:none;\"  src=\"https:\/\/recruitcrm.io\/jobs\/TESTA_6_jobs\"> <\/iframe>\t\t\t\t<\/div>\n\t\t\t\t<\/div>\n\t\t\t\t<div class=\"elementor-element elementor-element-43e8917 elementor-widget elementor-widget-spacer\" data-id=\"43e8917\" data-element_type=\"widget\" data-widget_type=\"spacer.default\">\n\t\t\t\t<div class=\"elementor-widget-container\">\n\t\t\t\t\t\t\t<div class=\"elementor-spacer\">\n\t\t\t<div class=\"elementor-spacer-inner\"><\/div>\n\t\t<\/div>\n\t\t\t\t\t\t<\/div>\n\t\t\t\t<\/div>\n\t\t\t\t\t<\/div>\n\t\t\t\t<\/div>\n\t\t<div class=\"elementor-element elementor-element-0b24329 e-flex e-con-boxed e-con e-parent\" data-id=\"0b24329\" data-element_type=\"container\">\n\t\t\t\t\t<div class=\"e-con-inner\">\n\t\t\t\t<div class=\"elementor-element elementor-element-eef05d0 elementor-widget elementor-widget-heading\" data-id=\"eef05d0\" data-element_type=\"widget\" data-widget_type=\"heading.default\">\n\t\t\t\t<div class=\"elementor-widget-container\">\n\t\t\t\t\t<h2 class=\"elementor-heading-title elementor-size-default\">\u00a1Nos encantar\u00e1 escucharte!<\/h2>\t\t\t\t<\/div>\n\t\t\t\t<\/div>\n\t\t\t\t<div class=\"elementor-element elementor-element-8197299 elementor-align-center elementor-widget elementor-widget-button\" data-id=\"8197299\" data-element_type=\"widget\" data-widget_type=\"button.default\">\n\t\t\t\t<div class=\"elementor-widget-container\">\n\t\t\t\t\t\t\t\t\t<div class=\"elementor-button-wrapper\">\n\t\t\t\t\t<a class=\"elementor-button elementor-button-link elementor-size-sm\" href=\"https:\/\/testa.ad\/es\/contacto\/\">\n\t\t\t\t\t\t<span class=\"elementor-button-content-wrapper\">\n\t\t\t\t\t\t\t\t\t<span class=\"elementor-button-text\">Cont\u00e1ctanos<\/span>\n\t\t\t\t\t<\/span>\n\t\t\t\t\t<\/a>\n\t\t\t\t<\/div>\n\t\t\t\t\t\t\t\t<\/div>\n\t\t\t\t<\/div>\n\t\t\t\t\t<\/div>\n\t\t\t\t<\/div>\n\t\t<div class=\"elementor-element elementor-element-50d3d2e e-flex e-con-boxed e-con e-parent\" data-id=\"50d3d2e\" data-element_type=\"container\">\n\t\t\t\t\t<div class=\"e-con-inner\">\n\t\t\t\t<div class=\"elementor-element elementor-element-df0f3fc elementor-widget elementor-widget-spacer\" data-id=\"df0f3fc\" data-element_type=\"widget\" data-widget_type=\"spacer.default\">\n\t\t\t\t<div class=\"elementor-widget-container\">\n\t\t\t\t\t\t\t<div class=\"elementor-spacer\">\n\t\t\t<div class=\"elementor-spacer-inner\"><\/div>\n\t\t<\/div>\n\t\t\t\t\t\t<\/div>\n\t\t\t\t<\/div>\n\t\t\t\t\t<\/div>\n\t\t\t\t<\/div>\n\t\t\t\t<\/div>","protected":false},"excerpt":{"rendered":"<p>Tu aportes el talent, nosaltres la oportunitat adequada Aqu\u00ed trobar\u00e0s les vacants que estem gestionant\u00a0actualment, amb informaci\u00f3 clara i actualitzada. [&hellip;]<\/p>","protected":false},"author":1,"featured_media":0,"parent":0,"menu_order":0,"comment_status":"closed","ping_status":"closed","template":"","meta":{"site-sidebar-layout":"no-sidebar","site-content-layout":"","ast-site-content-layout":"full-width-container","site-content-style":"default","site-sidebar-style":"default","ast-global-header-display":"","ast-banner-title-visibility":"","ast-main-header-display":"","ast-hfb-above-header-display":"","ast-hfb-below-header-display":"","ast-hfb-mobile-header-display":"","site-post-title":"disabled","ast-breadcrumbs-content":"","ast-featured-img":"disabled","footer-sml-layout":"","theme-transparent-header-meta":"","adv-header-id-meta":"","stick-header-meta":"","header-above-stick-meta":"","header-main-stick-meta":"","header-below-stick-meta":"","astra-migrate-meta-layouts":"default","ast-page-background-enabled":"default","ast-page-background-meta":{"desktop":{"background-color":"var(--ast-global-color-5)","background-image":"","background-repeat":"repeat","background-position":"center center","background-size":"auto","background-attachment":"scroll","background-type":"","background-media":"","overlay-type":"","overlay-color":"","overlay-opacity":"","overlay-gradient":""},"tablet":{"background-color":"","background-image":"","background-repeat":"repeat","background-position":"center center","background-size":"auto","background-attachment":"scroll","background-type":"","background-media":"","overlay-type":"","overlay-color":"","overlay-opacity":"","overlay-gradient":""},"mobile":{"background-color":"","background-image":"","background-repeat":"repeat","background-position":"center center","background-size":"auto","background-attachment":"scroll","background-type":"","background-media":"","overlay-type":"","overlay-color":"","overlay-opacity":"","overlay-gradient":""}},"ast-content-background-meta":{"desktop":{"background-color":"var(--ast-global-color-4)","background-image":"","background-repeat":"repeat","background-position":"center center","background-size":"auto","background-attachment":"scroll","background-type":"","background-media":"","overlay-type":"","overlay-color":"","overlay-opacity":"","overlay-gradient":""},"tablet":{"background-color":"var(--ast-global-color-4)","background-image":"","background-repeat":"repeat","background-position":"center center","background-size":"auto","background-attachment":"scroll","background-type":"","background-media":"","overlay-type":"","overlay-color":"","overlay-opacity":"","overlay-gradient":""},"mobile":{"background-color":"var(--ast-global-color-4)","background-image":"","background-repeat":"repeat","background-position":"center center","background-size":"auto","background-attachment":"scroll","background-type":"","background-media":"","overlay-type":"","overlay-color":"","overlay-opacity":"","overlay-gradient":""}},"footnotes":""},"class_list":["post-347","page","type-page","status-publish","hentry"],"yoast_head":"<!-- This site is optimized with the Yoast SEO plugin v25.4 - https:\/\/yoast.com\/wordpress\/plugins\/seo\/ -->\n<title>Vacants actuals - Testa<\/title>\n<meta name=\"robots\" content=\"index, follow, max-snippet:-1, max-image-preview:large, max-video-preview:-1\" \/>\n<link rel=\"canonical\" href=\"https:\/\/testa.ad\/es\/vacantes-actuales\/\" \/>\n<meta property=\"og:locale\" content=\"es_ES\" \/>\n<meta property=\"og:type\" content=\"article\" \/>\n<meta property=\"og:title\" content=\"Vacants actuals - Testa\" \/>\n<meta property=\"og:description\" content=\"Tu aportes el talent, nosaltres la oportunitat adequada Aqu\u00ed trobar\u00e0s les vacants que estem gestionant\u00a0actualment, amb informaci\u00f3 clara i actualitzada. [&hellip;]\" \/>\n<meta property=\"og:url\" content=\"https:\/\/testa.ad\/es\/vacantes-actuales\/\" \/>\n<meta property=\"og:site_name\" content=\"Testa\" \/>\n<meta property=\"article:publisher\" content=\"https:\/\/www.facebook.com\/people\/Testa\/100087945889060\/\" \/>\n<meta property=\"article:modified_time\" content=\"2025-08-19T15:55:56+00:00\" \/>\n<meta name=\"twitter:card\" content=\"summary_large_image\" \/>\n<meta name=\"twitter:label1\" content=\"Tiempo de lectura\" \/>\n\t<meta name=\"twitter:data1\" content=\"1 minuto\" \/>\n<script type=\"application\/ld+json\" class=\"yoast-schema-graph\">{\"@context\":\"https:\/\/schema.org\",\"@graph\":[{\"@type\":\"WebPage\",\"@id\":\"https:\/\/testa.ad\/vacants-actuals\/\",\"url\":\"https:\/\/testa.ad\/vacants-actuals\/\",\"name\":\"Vacants actuals - Testa\",\"isPartOf\":{\"@id\":\"https:\/\/testa.ad\/#website\"},\"datePublished\":\"2025-02-25T09:15:35+00:00\",\"dateModified\":\"2025-08-19T15:55:56+00:00\",\"breadcrumb\":{\"@id\":\"https:\/\/testa.ad\/vacants-actuals\/#breadcrumb\"},\"inLanguage\":\"es\",\"potentialAction\":[{\"@type\":\"ReadAction\",\"target\":[\"https:\/\/testa.ad\/vacants-actuals\/\"]}]},{\"@type\":\"BreadcrumbList\",\"@id\":\"https:\/\/testa.ad\/vacants-actuals\/#breadcrumb\",\"itemListElement\":[{\"@type\":\"ListItem\",\"position\":1,\"name\":\"Inici\",\"item\":\"https:\/\/testa.ad\/\"},{\"@type\":\"ListItem\",\"position\":2,\"name\":\"Vacants actuals\"}]},{\"@type\":\"WebSite\",\"@id\":\"https:\/\/testa.ad\/#website\",\"url\":\"https:\/\/testa.ad\/\",\"name\":\"Testa\",\"description\":\"\",\"publisher\":{\"@id\":\"https:\/\/testa.ad\/#organization\"},\"potentialAction\":[{\"@type\":\"SearchAction\",\"target\":{\"@type\":\"EntryPoint\",\"urlTemplate\":\"https:\/\/testa.ad\/?s={search_term_string}\"},\"query-input\":{\"@type\":\"PropertyValueSpecification\",\"valueRequired\":true,\"valueName\":\"search_term_string\"}}],\"inLanguage\":\"es\"},{\"@type\":\"Organization\",\"@id\":\"https:\/\/testa.ad\/#organization\",\"name\":\"Testa\",\"url\":\"https:\/\/testa.ad\/\",\"logo\":{\"@type\":\"ImageObject\",\"inLanguage\":\"es\",\"@id\":\"https:\/\/testa.ad\/#\/schema\/logo\/image\/\",\"url\":\"https:\/\/testa.ad\/wp-content\/uploads\/2025\/02\/cropped-Copia-de-LOGO-FONS-BLANC-04.png\",\"contentUrl\":\"https:\/\/testa.ad\/wp-content\/uploads\/2025\/02\/cropped-Copia-de-LOGO-FONS-BLANC-04.png\",\"width\":512,\"height\":512,\"caption\":\"Testa\"},\"image\":{\"@id\":\"https:\/\/testa.ad\/#\/schema\/logo\/image\/\"},\"sameAs\":[\"https:\/\/www.facebook.com\/people\/Testa\/100087945889060\/\",\"https:\/\/www.linkedin.com\/company\/testa-human-resources\",\"https:\/\/www.instagram.com\/testa_rrhh\/\"]}]}<\/script>\n<!-- \/ Yoast SEO plugin. -->","yoast_head_json":{"title":"Vacants actuals - Testa","robots":{"index":"index","follow":"follow","max-snippet":"max-snippet:-1","max-image-preview":"max-image-preview:large","max-video-preview":"max-video-preview:-1"},"canonical":"https:\/\/testa.ad\/es\/vacantes-actuales\/","og_locale":"es_ES","og_type":"article","og_title":"Vacants actuals - Testa","og_description":"Tu aportes el talent, nosaltres la oportunitat adequada Aqu\u00ed trobar\u00e0s les vacants que estem gestionant\u00a0actualment, amb informaci\u00f3 clara i actualitzada. [&hellip;]","og_url":"https:\/\/testa.ad\/es\/vacantes-actuales\/","og_site_name":"Testa","article_publisher":"https:\/\/www.facebook.com\/people\/Testa\/100087945889060\/","article_modified_time":"2025-08-19T15:55:56+00:00","twitter_card":"summary_large_image","twitter_misc":{"Tiempo de lectura":"1 minuto"},"schema":{"@context":"https:\/\/schema.org","@graph":[{"@type":"WebPage","@id":"https:\/\/testa.ad\/vacants-actuals\/","url":"https:\/\/testa.ad\/vacants-actuals\/","name":"Vacants actuals - Testa","isPartOf":{"@id":"https:\/\/testa.ad\/#website"},"datePublished":"2025-02-25T09:15:35+00:00","dateModified":"2025-08-19T15:55:56+00:00","breadcrumb":{"@id":"https:\/\/testa.ad\/vacants-actuals\/#breadcrumb"},"inLanguage":"es","potentialAction":[{"@type":"ReadAction","target":["https:\/\/testa.ad\/vacants-actuals\/"]}]},{"@type":"BreadcrumbList","@id":"https:\/\/testa.ad\/vacants-actuals\/#breadcrumb","itemListElement":[{"@type":"ListItem","position":1,"name":"Inici","item":"https:\/\/testa.ad\/"},{"@type":"ListItem","position":2,"name":"Vacants actuals"}]},{"@type":"WebSite","@id":"https:\/\/testa.ad\/#website","url":"https:\/\/testa.ad\/","name":"Testa","description":"","publisher":{"@id":"https:\/\/testa.ad\/#organization"},"potentialAction":[{"@type":"SearchAction","target":{"@type":"EntryPoint","urlTemplate":"https:\/\/testa.ad\/?s={search_term_string}"},"query-input":{"@type":"PropertyValueSpecification","valueRequired":true,"valueName":"search_term_string"}}],"inLanguage":"es"},{"@type":"Organization","@id":"https:\/\/testa.ad\/#organization","name":"Testa","url":"https:\/\/testa.ad\/","logo":{"@type":"ImageObject","inLanguage":"es","@id":"https:\/\/testa.ad\/#\/schema\/logo\/image\/","url":"https:\/\/testa.ad\/wp-content\/uploads\/2025\/02\/cropped-Copia-de-LOGO-FONS-BLANC-04.png","contentUrl":"https:\/\/testa.ad\/wp-content\/uploads\/2025\/02\/cropped-Copia-de-LOGO-FONS-BLANC-04.png","width":512,"height":512,"caption":"Testa"},"image":{"@id":"https:\/\/testa.ad\/#\/schema\/logo\/image\/"},"sameAs":["https:\/\/www.facebook.com\/people\/Testa\/100087945889060\/","https:\/\/www.linkedin.com\/company\/testa-human-resources","https:\/\/www.instagram.com\/testa_rrhh\/"]}]}},"_links":{"self":[{"href":"https:\/\/testa.ad\/es\/wp-json\/wp\/v2\/pages\/347","targetHints":{"allow":["GET"]}}],"collection":[{"href":"https:\/\/testa.ad\/es\/wp-json\/wp\/v2\/pages"}],"about":[{"href":"https:\/\/testa.ad\/es\/wp-json\/wp\/v2\/types\/page"}],"author":[{"embeddable":true,"href":"https:\/\/testa.ad\/es\/wp-json\/wp\/v2\/users\/1"}],"replies":[{"embeddable":true,"href":"https:\/\/testa.ad\/es\/wp-json\/wp\/v2\/comments?post=347"}],"version-history":[{"count":0,"href":"https:\/\/testa.ad\/es\/wp-json\/wp\/v2\/pages\/347\/revisions"}],"wp:attachment":[{"href":"https:\/\/testa.ad\/es\/wp-json\/wp\/v2\/media?parent=347"}],"curies":[{"name":"wp","href":"https:\/\/api.w.org\/{rel}","templated":true}]}}