{"id":1342,"date":"2025-04-14T02:23:26","date_gmt":"2025-04-14T02:23:26","guid":{"rendered":"https:\/\/testa.ad\/?page_id=1342"},"modified":"2025-08-18T14:12:27","modified_gmt":"2025-08-18T14:12:27","slug":"uneix-te-a-nosaltres","status":"publish","type":"page","link":"https:\/\/testa.ad\/es\/une-te-a-nosotros\/","title":{"rendered":"\u00danete a nosotros"},"content":{"rendered":"<div data-elementor-type=\"wp-page\" data-elementor-id=\"1342\" class=\"elementor elementor-1342\" data-elementor-post-type=\"page\">\n\t\t\t\t\t\t<section class=\"elementor-section elementor-top-section elementor-element elementor-element-370f50e elementor-section-height-min-height elementor-section-boxed elementor-section-height-default elementor-section-items-middle\" data-id=\"370f50e\" data-element_type=\"section\" data-settings=\"{&quot;background_background&quot;:&quot;classic&quot;,&quot;background_image&quot;:{&quot;url&quot;:&quot;&quot;,&quot;id&quot;:&quot;&quot;,&quot;size&quot;:&quot;&quot;,&quot;alt&quot;:&quot;&quot;,&quot;source&quot;:&quot;library&quot;}}\">\n\t\t\t\t\t\t\t<div class=\"elementor-background-overlay\"><\/div>\n\t\t\t\t\t\t\t<div class=\"elementor-container elementor-column-gap-default\">\n\t\t\t\t\t<div class=\"elementor-column elementor-col-100 elementor-top-column elementor-element elementor-element-1852f1d\" data-id=\"1852f1d\" data-element_type=\"column\">\n\t\t\t<div class=\"elementor-widget-wrap elementor-element-populated\">\n\t\t\t\t\t\t<div class=\"elementor-element elementor-element-2eba4a0 elementor-widget__width-inherit elementor-widget elementor-widget-heading\" data-id=\"2eba4a0\" data-element_type=\"widget\" data-widget_type=\"heading.default\">\n\t\t\t\t<div class=\"elementor-widget-container\">\n\t\t\t\t\t<h1 class=\"elementor-heading-title elementor-size-default\">\u00danete a nosotros<\/h1>\t\t\t\t<\/div>\n\t\t\t\t<\/div>\n\t\t\t\t<div class=\"elementor-element elementor-element-4b584b7 elementor-widget__width-inherit elementor-widget elementor-widget-text-editor\" data-id=\"4b584b7\" data-element_type=\"widget\" data-widget_type=\"text-editor.default\">\n\t\t\t\t<div class=\"elementor-widget-container\">\n\t\t\t\t\t\t\t\t\t<p>Si te gusta escuchar, entender y hacer que pasen cosas, quiz\u00e1s encajas.<\/p>\t\t\t\t\t\t\t\t<\/div>\n\t\t\t\t<\/div>\n\t\t\t\t\t<\/div>\n\t\t<\/div>\n\t\t\t\t\t<\/div>\n\t\t<\/section>\n\t\t\t\t<section class=\"elementor-section elementor-top-section elementor-element elementor-element-a301d3b elementor-reverse-tablet elementor-reverse-mobile elementor-section-boxed elementor-section-height-default elementor-section-height-default\" data-id=\"a301d3b\" data-element_type=\"section\">\n\t\t\t\t\t\t<div class=\"elementor-container elementor-column-gap-default\">\n\t\t\t\t\t<div class=\"elementor-column elementor-col-33 elementor-top-column elementor-element elementor-element-ff79da8\" data-id=\"ff79da8\" data-element_type=\"column\">\n\t\t\t<div class=\"elementor-widget-wrap elementor-element-populated\">\n\t\t\t\t\t\t<section class=\"elementor-section elementor-inner-section elementor-element elementor-element-aee9aeb elementor-section-boxed elementor-section-height-default elementor-section-height-default\" data-id=\"aee9aeb\" data-element_type=\"section\" data-settings=\"{&quot;background_background&quot;:&quot;classic&quot;,&quot;background_image&quot;:{&quot;url&quot;:&quot;&quot;,&quot;id&quot;:&quot;&quot;,&quot;size&quot;:&quot;&quot;}}\">\n\t\t\t\t\t\t<div class=\"elementor-container elementor-column-gap-default\">\n\t\t\t\t\t<div class=\"elementor-column elementor-col-100 elementor-inner-column elementor-element elementor-element-6848ef9\" data-id=\"6848ef9\" data-element_type=\"column\">\n\t\t\t<div class=\"elementor-widget-wrap elementor-element-populated\">\n\t\t\t\t\t\t<div class=\"elementor-element elementor-element-8f77f60 elementor-widget elementor-widget-html\" data-id=\"8f77f60\" data-element_type=\"widget\" data-widget_type=\"html.default\">\n\t\t\t\t<div class=\"elementor-widget-container\">\n\t\t\t\t\t<div style=\"width: 100%; max-width: 800px; margin: auto;\">\r\n  <iframe \r\n    src=\"https:\/\/recruitcrm.io\/talent_pool_submission\/TESTA_6\" \r\n    width=\"100%\" \r\n    height=\"800\" \r\n    frameborder=\"0\" \r\n    style=\"border: none; overflow: hidden;\">\r\n  <\/iframe>\r\n<\/div>\r\n\t\t\t\t<\/div>\n\t\t\t\t<\/div>\n\t\t\t\t\t<\/div>\n\t\t<\/div>\n\t\t\t\t\t<\/div>\n\t\t<\/section>\n\t\t\t\t<section class=\"elementor-section elementor-inner-section elementor-element elementor-element-986ad33 elementor-section-boxed elementor-section-height-default elementor-section-height-default\" data-id=\"986ad33\" data-element_type=\"section\" data-settings=\"{&quot;background_background&quot;:&quot;classic&quot;,&quot;background_image&quot;:{&quot;url&quot;:&quot;&quot;,&quot;id&quot;:&quot;&quot;,&quot;size&quot;:&quot;&quot;}}\">\n\t\t\t\t\t\t<div class=\"elementor-container elementor-column-gap-default\">\n\t\t\t\t\t<div class=\"elementor-column elementor-col-100 elementor-inner-column elementor-element elementor-element-3e08e99\" data-id=\"3e08e99\" data-element_type=\"column\">\n\t\t\t<div class=\"elementor-widget-wrap elementor-element-populated\">\n\t\t\t\t\t\t<div class=\"elementor-element elementor-element-a2386e0 elementor-widget elementor-widget-heading\" data-id=\"a2386e0\" data-element_type=\"widget\" data-widget_type=\"heading.default\">\n\t\t\t\t<div class=\"elementor-widget-container\">\n\t\t\t\t\t<h3 class=\"elementor-heading-title elementor-size-default\">\u00bfNecesitas m\u00e1s informaci\u00f3n?<\/h3>\t\t\t\t<\/div>\n\t\t\t\t<\/div>\n\t\t\t\t<div class=\"elementor-element elementor-element-07ffe74 elementor-align-center elementor-widget elementor-widget-button\" data-id=\"07ffe74\" data-element_type=\"widget\" data-widget_type=\"button.default\">\n\t\t\t\t<div class=\"elementor-widget-container\">\n\t\t\t\t\t\t\t\t\t<div class=\"elementor-button-wrapper\">\n\t\t\t\t\t<a class=\"elementor-button elementor-button-link elementor-size-lg\" href=\"mailto:info@testa.ad\">\n\t\t\t\t\t\t<span class=\"elementor-button-content-wrapper\">\n\t\t\t\t\t\t<span class=\"elementor-button-icon\">\n\t\t\t\t<i aria-hidden=\"true\" class=\"icon icon-email\"><\/i>\t\t\t<\/span>\n\t\t\t\t\t\t\t\t\t<span class=\"elementor-button-text\">info@testa.ad<\/span>\n\t\t\t\t\t<\/span>\n\t\t\t\t\t<\/a>\n\t\t\t\t<\/div>\n\t\t\t\t\t\t\t\t<\/div>\n\t\t\t\t<\/div>\n\t\t\t\t\t<\/div>\n\t\t<\/div>\n\t\t\t\t\t<\/div>\n\t\t<\/section>\n\t\t\t\t\t<\/div>\n\t\t<\/div>\n\t\t\t\t<div class=\"elementor-column elementor-col-66 elementor-top-column elementor-element elementor-element-6230cec\" data-id=\"6230cec\" data-element_type=\"column\">\n\t\t\t<div class=\"elementor-widget-wrap elementor-element-populated\">\n\t\t\t\t\t\t<div class=\"elementor-element elementor-element-c5d6af4 elementor-widget elementor-widget-heading\" data-id=\"c5d6af4\" data-element_type=\"widget\" data-widget_type=\"heading.default\">\n\t\t\t\t<div class=\"elementor-widget-container\">\n\t\t\t\t\t<h4 class=\"elementor-heading-title elementor-size-default\">\u00bfTe gustar\u00eda formar parte de nuestro equipo?\n<\/h4>\t\t\t\t<\/div>\n\t\t\t\t<\/div>\n\t\t\t\t<section class=\"elementor-section elementor-inner-section elementor-element elementor-element-f39cf8a elementor-section-boxed elementor-section-height-default elementor-section-height-default\" data-id=\"f39cf8a\" data-element_type=\"section\">\n\t\t\t\t\t\t<div class=\"elementor-container elementor-column-gap-default\">\n\t\t\t\t\t<div class=\"elementor-column elementor-col-100 elementor-inner-column elementor-element elementor-element-8a03517\" data-id=\"8a03517\" data-element_type=\"column\">\n\t\t\t<div class=\"elementor-widget-wrap elementor-element-populated\">\n\t\t\t\t\t\t<div class=\"elementor-element elementor-element-e0d5673 elementor-widget elementor-widget-text-editor\" data-id=\"e0d5673\" data-element_type=\"widget\" data-widget_type=\"text-editor.default\">\n\t\t\t\t<div class=\"elementor-widget-container\">\n\t\t\t\t\t\t\t\t\t<p data-start=\"155\" data-end=\"486\">En Testa no abrimos procesos de incorporaci\u00f3n a menudo, porque cuidamos mucho a quien entra\u2026 y m\u00e1s a\u00fan a quien se queda. Pero cuando abrimos la puerta, lo hacemos de verdad. Y buscamos personas con ganas de implicarse, aprender, aportar criterio y vivir la selecci\u00f3n como algo m\u00e1s humano que mec\u00e1nico.<\/p><p data-start=\"488\" data-end=\"740\">Aqu\u00ed trabajamos con entusiasmo, en un entorno cercano, din\u00e1mico y vivo. Compartimos aprendizaje, nos escuchamos mucho y celebramos los hitos \u2014peque\u00f1os y grandes\u2014 porque sabemos que cada paso cuenta. No nos gusta hacer las cosas como siempre. Nos gusta hacerlas con sentido.<\/p><p data-start=\"742\" data-end=\"899\">Nos mueve la pasi\u00f3n por conectar personas y construir relaciones reales.\u00a0<\/p>\t\t\t\t\t\t\t\t<\/div>\n\t\t\t\t<\/div>\n\t\t\t\t<div class=\"elementor-element elementor-element-7011463 elementor-widget elementor-widget-image\" data-id=\"7011463\" data-element_type=\"widget\" data-widget_type=\"image.default\">\n\t\t\t\t<div class=\"elementor-widget-container\">\n\t\t\t\t\t\t\t\t\t\t\t\t\t\t\t<img fetchpriority=\"high\" decoding=\"async\" width=\"1024\" height=\"1008\" src=\"https:\/\/testa.ad\/wp-content\/uploads\/2025\/06\/b1e17d32-e3b9-410c-9ee4-c756757dad1d-1024x1008.jpg\" class=\"attachment-large size-large wp-image-2161\" alt=\"\" srcset=\"https:\/\/testa.ad\/wp-content\/uploads\/2025\/06\/b1e17d32-e3b9-410c-9ee4-c756757dad1d-1024x1008.jpg 1024w, https:\/\/testa.ad\/wp-content\/uploads\/2025\/06\/b1e17d32-e3b9-410c-9ee4-c756757dad1d-300x295.jpg 300w, https:\/\/testa.ad\/wp-content\/uploads\/2025\/06\/b1e17d32-e3b9-410c-9ee4-c756757dad1d-768x756.jpg 768w, https:\/\/testa.ad\/wp-content\/uploads\/2025\/06\/b1e17d32-e3b9-410c-9ee4-c756757dad1d-1536x1512.jpg 1536w, https:\/\/testa.ad\/wp-content\/uploads\/2025\/06\/b1e17d32-e3b9-410c-9ee4-c756757dad1d-2048x2016.jpg 2048w, https:\/\/testa.ad\/wp-content\/uploads\/2025\/06\/b1e17d32-e3b9-410c-9ee4-c756757dad1d-12x12.jpg 12w\" sizes=\"(max-width: 1024px) 100vw, 1024px\" \/>\t\t\t\t\t\t\t\t\t\t\t\t\t\t\t<\/div>\n\t\t\t\t<\/div>\n\t\t\t\t\t<\/div>\n\t\t<\/div>\n\t\t\t\t\t<\/div>\n\t\t<\/section>\n\t\t\t\t\t<\/div>\n\t\t<\/div>\n\t\t\t\t\t<\/div>\n\t\t<\/section>\n\t\t\t\t<\/div>","protected":false},"excerpt":{"rendered":"<p>Uneix-te a nosaltres Si t&#8217;agrada escoltar, entendre i fer que passin coses, potser encaixes. Necessites m\u00e9s informaci\u00f3? info@testa.ad T\u2019agradaria formar [&hellip;]<\/p>","protected":false},"author":1,"featured_media":0,"parent":0,"menu_order":0,"comment_status":"closed","ping_status":"closed","template":"","meta":{"site-sidebar-layout":"no-sidebar","site-content-layout":"","ast-site-content-layout":"full-width-container","site-content-style":"default","site-sidebar-style":"default","ast-global-header-display":"","ast-banner-title-visibility":"","ast-main-header-display":"","ast-hfb-above-header-display":"","ast-hfb-below-header-display":"","ast-hfb-mobile-header-display":"","site-post-title":"disabled","ast-breadcrumbs-content":"","ast-featured-img":"disabled","footer-sml-layout":"","theme-transparent-header-meta":"","adv-header-id-meta":"","stick-header-meta":"","header-above-stick-meta":"","header-main-stick-meta":"","header-below-stick-meta":"","astra-migrate-meta-layouts":"default","ast-page-background-enabled":"default","ast-page-background-meta":{"desktop":{"background-color":"var(--ast-global-color-5)","background-image":"","background-repeat":"repeat","background-position":"center center","background-size":"auto","background-attachment":"scroll","background-type":"","background-media":"","overlay-type":"","overlay-color":"","overlay-opacity":"","overlay-gradient":""},"tablet":{"background-color":"","background-image":"","background-repeat":"repeat","background-position":"center center","background-size":"auto","background-attachment":"scroll","background-type":"","background-media":"","overlay-type":"","overlay-color":"","overlay-opacity":"","overlay-gradient":""},"mobile":{"background-color":"","background-image":"","background-repeat":"repeat","background-position":"center center","background-size":"auto","background-attachment":"scroll","background-type":"","background-media":"","overlay-type":"","overlay-color":"","overlay-opacity":"","overlay-gradient":""}},"ast-content-background-meta":{"desktop":{"background-color":"var(--ast-global-color-4)","background-image":"","background-repeat":"repeat","background-position":"center center","background-size":"auto","background-attachment":"scroll","background-type":"","background-media":"","overlay-type":"","overlay-color":"","overlay-opacity":"","overlay-gradient":""},"tablet":{"background-color":"var(--ast-global-color-4)","background-image":"","background-repeat":"repeat","background-position":"center center","background-size":"auto","background-attachment":"scroll","background-type":"","background-media":"","overlay-type":"","overlay-color":"","overlay-opacity":"","overlay-gradient":""},"mobile":{"background-color":"var(--ast-global-color-4)","background-image":"","background-repeat":"repeat","background-position":"center center","background-size":"auto","background-attachment":"scroll","background-type":"","background-media":"","overlay-type":"","overlay-color":"","overlay-opacity":"","overlay-gradient":""}},"footnotes":""},"class_list":["post-1342","page","type-page","status-publish","hentry"],"yoast_head":"<!-- This site is optimized with the Yoast SEO plugin v25.4 - https:\/\/yoast.com\/wordpress\/plugins\/seo\/ -->\n<title>Uneix-te a nosaltres - Testa<\/title>\n<meta name=\"robots\" content=\"index, follow, max-snippet:-1, max-image-preview:large, max-video-preview:-1\" \/>\n<link rel=\"canonical\" href=\"https:\/\/testa.ad\/es\/une-te-a-nosotros\/\" \/>\n<meta property=\"og:locale\" content=\"es_ES\" \/>\n<meta property=\"og:type\" content=\"article\" \/>\n<meta property=\"og:title\" content=\"Uneix-te a nosaltres - Testa\" \/>\n<meta property=\"og:description\" content=\"Uneix-te a nosaltres Si t&#8217;agrada escoltar, entendre i fer que passin coses, potser encaixes. Necessites m\u00e9s informaci\u00f3? info@testa.ad T\u2019agradaria formar [&hellip;]\" \/>\n<meta property=\"og:url\" content=\"https:\/\/testa.ad\/es\/une-te-a-nosotros\/\" \/>\n<meta property=\"og:site_name\" content=\"Testa\" \/>\n<meta property=\"article:publisher\" content=\"https:\/\/www.facebook.com\/people\/Testa\/100087945889060\/\" \/>\n<meta property=\"article:modified_time\" content=\"2025-08-18T14:12:27+00:00\" \/>\n<meta property=\"og:image\" content=\"https:\/\/testa.ad\/wp-content\/uploads\/2025\/06\/b1e17d32-e3b9-410c-9ee4-c756757dad1d-scaled.jpg\" \/>\n\t<meta property=\"og:image:width\" content=\"2560\" \/>\n\t<meta property=\"og:image:height\" content=\"2520\" \/>\n\t<meta property=\"og:image:type\" content=\"image\/jpeg\" \/>\n<meta name=\"twitter:card\" content=\"summary_large_image\" \/>\n<meta name=\"twitter:label1\" content=\"Tiempo de lectura\" \/>\n\t<meta name=\"twitter:data1\" content=\"1 minuto\" \/>\n<script type=\"application\/ld+json\" class=\"yoast-schema-graph\">{\"@context\":\"https:\/\/schema.org\",\"@graph\":[{\"@type\":\"WebPage\",\"@id\":\"https:\/\/testa.ad\/uneix-te-a-nosaltres\/\",\"url\":\"https:\/\/testa.ad\/uneix-te-a-nosaltres\/\",\"name\":\"Uneix-te a nosaltres - Testa\",\"isPartOf\":{\"@id\":\"https:\/\/testa.ad\/#website\"},\"primaryImageOfPage\":{\"@id\":\"https:\/\/testa.ad\/uneix-te-a-nosaltres\/#primaryimage\"},\"image\":{\"@id\":\"https:\/\/testa.ad\/uneix-te-a-nosaltres\/#primaryimage\"},\"thumbnailUrl\":\"https:\/\/testa.ad\/wp-content\/uploads\/2025\/06\/b1e17d32-e3b9-410c-9ee4-c756757dad1d-1024x1008.jpg\",\"datePublished\":\"2025-04-14T02:23:26+00:00\",\"dateModified\":\"2025-08-18T14:12:27+00:00\",\"breadcrumb\":{\"@id\":\"https:\/\/testa.ad\/uneix-te-a-nosaltres\/#breadcrumb\"},\"inLanguage\":\"es\",\"potentialAction\":[{\"@type\":\"ReadAction\",\"target\":[\"https:\/\/testa.ad\/uneix-te-a-nosaltres\/\"]}]},{\"@type\":\"ImageObject\",\"inLanguage\":\"es\",\"@id\":\"https:\/\/testa.ad\/uneix-te-a-nosaltres\/#primaryimage\",\"url\":\"https:\/\/testa.ad\/wp-content\/uploads\/2025\/06\/b1e17d32-e3b9-410c-9ee4-c756757dad1d-1024x1008.jpg\",\"contentUrl\":\"https:\/\/testa.ad\/wp-content\/uploads\/2025\/06\/b1e17d32-e3b9-410c-9ee4-c756757dad1d-1024x1008.jpg\"},{\"@type\":\"BreadcrumbList\",\"@id\":\"https:\/\/testa.ad\/uneix-te-a-nosaltres\/#breadcrumb\",\"itemListElement\":[{\"@type\":\"ListItem\",\"position\":1,\"name\":\"Inici\",\"item\":\"https:\/\/testa.ad\/\"},{\"@type\":\"ListItem\",\"position\":2,\"name\":\"Uneix-te a nosaltres\"}]},{\"@type\":\"WebSite\",\"@id\":\"https:\/\/testa.ad\/#website\",\"url\":\"https:\/\/testa.ad\/\",\"name\":\"Testa\",\"description\":\"\",\"publisher\":{\"@id\":\"https:\/\/testa.ad\/#organization\"},\"potentialAction\":[{\"@type\":\"SearchAction\",\"target\":{\"@type\":\"EntryPoint\",\"urlTemplate\":\"https:\/\/testa.ad\/?s={search_term_string}\"},\"query-input\":{\"@type\":\"PropertyValueSpecification\",\"valueRequired\":true,\"valueName\":\"search_term_string\"}}],\"inLanguage\":\"es\"},{\"@type\":\"Organization\",\"@id\":\"https:\/\/testa.ad\/#organization\",\"name\":\"Testa\",\"url\":\"https:\/\/testa.ad\/\",\"logo\":{\"@type\":\"ImageObject\",\"inLanguage\":\"es\",\"@id\":\"https:\/\/testa.ad\/#\/schema\/logo\/image\/\",\"url\":\"https:\/\/testa.ad\/wp-content\/uploads\/2025\/02\/cropped-Copia-de-LOGO-FONS-BLANC-04.png\",\"contentUrl\":\"https:\/\/testa.ad\/wp-content\/uploads\/2025\/02\/cropped-Copia-de-LOGO-FONS-BLANC-04.png\",\"width\":512,\"height\":512,\"caption\":\"Testa\"},\"image\":{\"@id\":\"https:\/\/testa.ad\/#\/schema\/logo\/image\/\"},\"sameAs\":[\"https:\/\/www.facebook.com\/people\/Testa\/100087945889060\/\",\"https:\/\/www.linkedin.com\/company\/testa-human-resources\",\"https:\/\/www.instagram.com\/testa_rrhh\/\"]}]}<\/script>\n<!-- \/ Yoast SEO plugin. -->","yoast_head_json":{"title":"Uneix-te a nosaltres - Testa","robots":{"index":"index","follow":"follow","max-snippet":"max-snippet:-1","max-image-preview":"max-image-preview:large","max-video-preview":"max-video-preview:-1"},"canonical":"https:\/\/testa.ad\/es\/une-te-a-nosotros\/","og_locale":"es_ES","og_type":"article","og_title":"Uneix-te a nosaltres - Testa","og_description":"Uneix-te a nosaltres Si t&#8217;agrada escoltar, entendre i fer que passin coses, potser encaixes. Necessites m\u00e9s informaci\u00f3? info@testa.ad T\u2019agradaria formar [&hellip;]","og_url":"https:\/\/testa.ad\/es\/une-te-a-nosotros\/","og_site_name":"Testa","article_publisher":"https:\/\/www.facebook.com\/people\/Testa\/100087945889060\/","article_modified_time":"2025-08-18T14:12:27+00:00","og_image":[{"width":2560,"height":2520,"url":"https:\/\/testa.ad\/wp-content\/uploads\/2025\/06\/b1e17d32-e3b9-410c-9ee4-c756757dad1d-scaled.jpg","type":"image\/jpeg"}],"twitter_card":"summary_large_image","twitter_misc":{"Tiempo de lectura":"1 minuto"},"schema":{"@context":"https:\/\/schema.org","@graph":[{"@type":"WebPage","@id":"https:\/\/testa.ad\/uneix-te-a-nosaltres\/","url":"https:\/\/testa.ad\/uneix-te-a-nosaltres\/","name":"Uneix-te a nosaltres - Testa","isPartOf":{"@id":"https:\/\/testa.ad\/#website"},"primaryImageOfPage":{"@id":"https:\/\/testa.ad\/uneix-te-a-nosaltres\/#primaryimage"},"image":{"@id":"https:\/\/testa.ad\/uneix-te-a-nosaltres\/#primaryimage"},"thumbnailUrl":"https:\/\/testa.ad\/wp-content\/uploads\/2025\/06\/b1e17d32-e3b9-410c-9ee4-c756757dad1d-1024x1008.jpg","datePublished":"2025-04-14T02:23:26+00:00","dateModified":"2025-08-18T14:12:27+00:00","breadcrumb":{"@id":"https:\/\/testa.ad\/uneix-te-a-nosaltres\/#breadcrumb"},"inLanguage":"es","potentialAction":[{"@type":"ReadAction","target":["https:\/\/testa.ad\/uneix-te-a-nosaltres\/"]}]},{"@type":"ImageObject","inLanguage":"es","@id":"https:\/\/testa.ad\/uneix-te-a-nosaltres\/#primaryimage","url":"https:\/\/testa.ad\/wp-content\/uploads\/2025\/06\/b1e17d32-e3b9-410c-9ee4-c756757dad1d-1024x1008.jpg","contentUrl":"https:\/\/testa.ad\/wp-content\/uploads\/2025\/06\/b1e17d32-e3b9-410c-9ee4-c756757dad1d-1024x1008.jpg"},{"@type":"BreadcrumbList","@id":"https:\/\/testa.ad\/uneix-te-a-nosaltres\/#breadcrumb","itemListElement":[{"@type":"ListItem","position":1,"name":"Inici","item":"https:\/\/testa.ad\/"},{"@type":"ListItem","position":2,"name":"Uneix-te a nosaltres"}]},{"@type":"WebSite","@id":"https:\/\/testa.ad\/#website","url":"https:\/\/testa.ad\/","name":"Testa","description":"","publisher":{"@id":"https:\/\/testa.ad\/#organization"},"potentialAction":[{"@type":"SearchAction","target":{"@type":"EntryPoint","urlTemplate":"https:\/\/testa.ad\/?s={search_term_string}"},"query-input":{"@type":"PropertyValueSpecification","valueRequired":true,"valueName":"search_term_string"}}],"inLanguage":"es"},{"@type":"Organization","@id":"https:\/\/testa.ad\/#organization","name":"Testa","url":"https:\/\/testa.ad\/","logo":{"@type":"ImageObject","inLanguage":"es","@id":"https:\/\/testa.ad\/#\/schema\/logo\/image\/","url":"https:\/\/testa.ad\/wp-content\/uploads\/2025\/02\/cropped-Copia-de-LOGO-FONS-BLANC-04.png","contentUrl":"https:\/\/testa.ad\/wp-content\/uploads\/2025\/02\/cropped-Copia-de-LOGO-FONS-BLANC-04.png","width":512,"height":512,"caption":"Testa"},"image":{"@id":"https:\/\/testa.ad\/#\/schema\/logo\/image\/"},"sameAs":["https:\/\/www.facebook.com\/people\/Testa\/100087945889060\/","https:\/\/www.linkedin.com\/company\/testa-human-resources","https:\/\/www.instagram.com\/testa_rrhh\/"]}]}},"_links":{"self":[{"href":"https:\/\/testa.ad\/es\/wp-json\/wp\/v2\/pages\/1342","targetHints":{"allow":["GET"]}}],"collection":[{"href":"https:\/\/testa.ad\/es\/wp-json\/wp\/v2\/pages"}],"about":[{"href":"https:\/\/testa.ad\/es\/wp-json\/wp\/v2\/types\/page"}],"author":[{"embeddable":true,"href":"https:\/\/testa.ad\/es\/wp-json\/wp\/v2\/users\/1"}],"replies":[{"embeddable":true,"href":"https:\/\/testa.ad\/es\/wp-json\/wp\/v2\/comments?post=1342"}],"version-history":[{"count":0,"href":"https:\/\/testa.ad\/es\/wp-json\/wp\/v2\/pages\/1342\/revisions"}],"wp:attachment":[{"href":"https:\/\/testa.ad\/es\/wp-json\/wp\/v2\/media?parent=1342"}],"curies":[{"name":"wp","href":"https:\/\/api.w.org\/{rel}","templated":true}]}}