{"id":371,"date":"2025-02-25T09:19:44","date_gmt":"2025-02-25T09:19:44","guid":{"rendered":"https:\/\/testa.ad\/?page_id=371"},"modified":"2025-07-09T07:53:56","modified_gmt":"2025-07-09T07:53:56","slug":"blog","status":"publish","type":"page","link":"https:\/\/testa.ad\/en\/blog\/","title":{"rendered":"Blog"},"content":{"rendered":"<div data-elementor-type=\"wp-page\" data-elementor-id=\"371\" class=\"elementor elementor-371\" data-elementor-post-type=\"page\">\n\t\t\t\t\t\t<section class=\"elementor-section elementor-top-section elementor-element elementor-element-7a2151d7 elementor-section-height-min-height elementor-section-boxed elementor-section-height-default elementor-section-items-middle\" data-id=\"7a2151d7\" data-element_type=\"section\" data-settings=\"{&quot;background_background&quot;:&quot;classic&quot;,&quot;background_image&quot;:{&quot;url&quot;:&quot;&quot;,&quot;id&quot;:&quot;&quot;,&quot;size&quot;:&quot;&quot;,&quot;alt&quot;:&quot;&quot;,&quot;source&quot;:&quot;library&quot;}}\">\n\t\t\t\t\t\t\t<div class=\"elementor-background-overlay\"><\/div>\n\t\t\t\t\t\t\t<div class=\"elementor-container elementor-column-gap-default\">\n\t\t\t\t\t<div class=\"elementor-column elementor-col-100 elementor-top-column elementor-element elementor-element-35e76d9d\" data-id=\"35e76d9d\" data-element_type=\"column\">\n\t\t\t<div class=\"elementor-widget-wrap elementor-element-populated\">\n\t\t\t\t\t\t<div class=\"elementor-element elementor-element-7dfee356 elementor-widget__width-inherit elementor-widget elementor-widget-heading\" data-id=\"7dfee356\" data-element_type=\"widget\" data-widget_type=\"heading.default\">\n\t\t\t\t<div class=\"elementor-widget-container\">\n\t\t\t\t\t<h1 class=\"elementor-heading-title elementor-size-default\">Blog<\/h1>\t\t\t\t<\/div>\n\t\t\t\t<\/div>\n\t\t\t\t<div class=\"elementor-element elementor-element-738a6ba1 elementor-widget__width-inherit elementor-widget elementor-widget-text-editor\" data-id=\"738a6ba1\" data-element_type=\"widget\" data-widget_type=\"text-editor.default\">\n\t\t\t\t<div class=\"elementor-widget-container\">\n\t\t\t\t\t\t\t\t\t<p>Tips, trends and news about work and talent management. Stay up to date!<\/p>\t\t\t\t\t\t\t\t<\/div>\n\t\t\t\t<\/div>\n\t\t\t\t\t<\/div>\n\t\t<\/div>\n\t\t\t\t\t<\/div>\n\t\t<\/section>\n\t\t\t\t<section class=\"elementor-section elementor-top-section elementor-element elementor-element-363b60e3 elementor-section-boxed elementor-section-height-default elementor-section-height-default\" data-id=\"363b60e3\" data-element_type=\"section\">\n\t\t\t\t\t\t<div class=\"elementor-container elementor-column-gap-default\">\n\t\t\t\t\t<div class=\"elementor-column elementor-col-100 elementor-top-column elementor-element elementor-element-72429e01\" data-id=\"72429e01\" data-element_type=\"column\">\n\t\t\t<div class=\"elementor-widget-wrap elementor-element-populated\">\n\t\t\t\t\t\t<div class=\"elementor-element elementor-element-29bb1cf elementor-grid-eael-col-4 elementor-grid-tablet-eael-col-2 elementor-grid-mobile-eael-col-1 elementor-widget elementor-widget-eael-post-grid\" data-id=\"29bb1cf\" data-element_type=\"widget\" data-settings=\"{&quot;eael_post_grid_columns&quot;:&quot;eael-col-4&quot;,&quot;eael_post_grid_columns_tablet&quot;:&quot;eael-col-2&quot;,&quot;eael_post_grid_columns_mobile&quot;:&quot;eael-col-1&quot;}\" data-widget_type=\"eael-post-grid.default\">\n\t\t\t\t<div class=\"elementor-widget-container\">\n\t\t\t\t\t<div id=\"eael-post-grid-29bb1cf\" class=\"eael-post-grid-container\">\n            <div class=\"eael-post-grid eael-post-appender eael-post-appender-29bb1cf eael-post-grid-style-two\" data-layout-mode=\"masonry\"><article class=\"eael-grid-post eael-post-grid-column\" data-id=\"1\">\n        <div class=\"eael-grid-post-holder\">\n            <div class=\"eael-grid-post-holder-inner\"><div class=\"eael-entry-media\"><div class=\"eael-entry-overlay fade-in\"><i class=\"fas fa-long-arrow-alt-right\" aria-hidden=\"true\"><\/i><a href=\"https:\/\/testa.ad\/en\/how-to-find-a-job-in-andorra-guide-for-candidates\/\"><\/a><\/div><div class=\"eael-entry-thumbnail\">\n                                <img fetchpriority=\"high\" decoding=\"async\" width=\"300\" height=\"200\" src=\"https:\/\/testa.ad\/wp-content\/uploads\/2025\/03\/taking-his-team-to-new-heights-2024-05-27-21-34-19-utc-300x200.jpg\" class=\"attachment-medium size-medium wp-image-524\" alt=\"\" srcset=\"https:\/\/testa.ad\/wp-content\/uploads\/2025\/03\/taking-his-team-to-new-heights-2024-05-27-21-34-19-utc-300x200.jpg 300w, https:\/\/testa.ad\/wp-content\/uploads\/2025\/03\/taking-his-team-to-new-heights-2024-05-27-21-34-19-utc-1024x683.jpg 1024w, https:\/\/testa.ad\/wp-content\/uploads\/2025\/03\/taking-his-team-to-new-heights-2024-05-27-21-34-19-utc-768x513.jpg 768w, https:\/\/testa.ad\/wp-content\/uploads\/2025\/03\/taking-his-team-to-new-heights-2024-05-27-21-34-19-utc-1536x1025.jpg 1536w, https:\/\/testa.ad\/wp-content\/uploads\/2025\/03\/taking-his-team-to-new-heights-2024-05-27-21-34-19-utc-2048x1367.jpg 2048w\" sizes=\"(max-width: 300px) 100vw, 300px\" \/>\n                              <\/div>\n                      <\/div><div class=\"eael-entry-wrapper\"><header class=\"eael-entry-header\"><h2 class=\"eael-entry-title\"><a class=\"eael-grid-post-link\" href=\"https:\/\/testa.ad\/en\/how-to-find-a-job-in-andorra-guide-for-candidates\/\" title=\"How to find a job in Andorra: Guide for candidates\">How to find a job in Andorra: Guide for candidates<\/a><\/h2><\/header><div class=\"eael-entry-content\">\n                                    <div class=\"eael-grid-post-excerpt\"><p>Finding a job in Andorra can be a great opportunity for...<\/p><a\n                                        href=\"https:\/\/testa.ad\/en\/how-to-find-a-job-in-andorra-guide-for-candidates\/\"\n                                        class=\"eael-post-elements-readmore-btn\">Read More<\/a><\/div>\n                                <\/div><div class=\"eael-entry-header-after style-two\"><div class=\"eael-entry-meta\"><span class=\"eael-meta-posted-on\"><i class=\"far fa-clock\"><\/i><time datetime=\"February 24, 2025\">February 24, 2025<\/time><\/span><\/div><\/div><\/div><\/div>\n        <\/div>\n    <\/article><\/div>\n            <div class=\"clearfix\"><\/div>\n        <\/div>\t\t\t\t<\/div>\n\t\t\t\t<\/div>\n\t\t\t\t\t<\/div>\n\t\t<\/div>\n\t\t\t\t\t<\/div>\n\t\t<\/section>\n\t\t\t\t<\/div>","protected":false},"excerpt":{"rendered":"<p>Blog Advice, trends, and news on work and talent management. Stay up-to-date! Post 5 Finding a job in Andorra [\u2026]<\/p>","protected":false},"author":1,"featured_media":0,"parent":0,"menu_order":0,"comment_status":"closed","ping_status":"closed","template":"","meta":{"site-sidebar-layout":"no-sidebar","site-content-layout":"","ast-site-content-layout":"full-width-container","site-content-style":"default","site-sidebar-style":"default","ast-global-header-display":"","ast-banner-title-visibility":"","ast-main-header-display":"","ast-hfb-above-header-display":"","ast-hfb-below-header-display":"","ast-hfb-mobile-header-display":"","site-post-title":"disabled","ast-breadcrumbs-content":"","ast-featured-img":"disabled","footer-sml-layout":"","theme-transparent-header-meta":"","adv-header-id-meta":"","stick-header-meta":"","header-above-stick-meta":"","header-main-stick-meta":"","header-below-stick-meta":"","astra-migrate-meta-layouts":"default","ast-page-background-enabled":"default","ast-page-background-meta":{"desktop":{"background-color":"var(--ast-global-color-5)","background-image":"","background-repeat":"repeat","background-position":"center center","background-size":"auto","background-attachment":"scroll","background-type":"","background-media":"","overlay-type":"","overlay-color":"","overlay-opacity":"","overlay-gradient":""},"tablet":{"background-color":"","background-image":"","background-repeat":"repeat","background-position":"center center","background-size":"auto","background-attachment":"scroll","background-type":"","background-media":"","overlay-type":"","overlay-color":"","overlay-opacity":"","overlay-gradient":""},"mobile":{"background-color":"","background-image":"","background-repeat":"repeat","background-position":"center center","background-size":"auto","background-attachment":"scroll","background-type":"","background-media":"","overlay-type":"","overlay-color":"","overlay-opacity":"","overlay-gradient":""}},"ast-content-background-meta":{"desktop":{"background-color":"var(--ast-global-color-4)","background-image":"","background-repeat":"repeat","background-position":"center center","background-size":"auto","background-attachment":"scroll","background-type":"","background-media":"","overlay-type":"","overlay-color":"","overlay-opacity":"","overlay-gradient":""},"tablet":{"background-color":"var(--ast-global-color-4)","background-image":"","background-repeat":"repeat","background-position":"center center","background-size":"auto","background-attachment":"scroll","background-type":"","background-media":"","overlay-type":"","overlay-color":"","overlay-opacity":"","overlay-gradient":""},"mobile":{"background-color":"var(--ast-global-color-4)","background-image":"","background-repeat":"repeat","background-position":"center center","background-size":"auto","background-attachment":"scroll","background-type":"","background-media":"","overlay-type":"","overlay-color":"","overlay-opacity":"","overlay-gradient":""}},"footnotes":""},"class_list":["post-371","page","type-page","status-publish","hentry"],"yoast_head":"<!-- This site is optimized with the Yoast SEO plugin v25.4 - https:\/\/yoast.com\/wordpress\/plugins\/seo\/ -->\n<title>Blog - Testa<\/title>\n<meta name=\"robots\" content=\"index, follow, max-snippet:-1, max-image-preview:large, max-video-preview:-1\" \/>\n<link rel=\"canonical\" href=\"https:\/\/testa.ad\/en\/blog\/\" \/>\n<meta property=\"og:locale\" content=\"en_GB\" \/>\n<meta property=\"og:type\" content=\"article\" \/>\n<meta property=\"og:title\" content=\"Blog - Testa\" \/>\n<meta property=\"og:description\" content=\"Blog Consells, tend\u00e8ncies i novetats sobre feina i gesti\u00f3 de talent. Mant\u00e9n-te al dia! Entrada 5 Trobar feina a Andorra [&hellip;]\" \/>\n<meta property=\"og:url\" content=\"https:\/\/testa.ad\/en\/blog\/\" \/>\n<meta property=\"og:site_name\" content=\"Testa\" \/>\n<meta property=\"article:publisher\" content=\"https:\/\/www.facebook.com\/people\/Testa\/100087945889060\/\" \/>\n<meta property=\"article:modified_time\" content=\"2025-07-09T07:53:56+00:00\" \/>\n<meta property=\"og:image\" content=\"https:\/\/testa.ad\/wp-content\/uploads\/2025\/03\/taking-his-team-to-new-heights-2024-05-27-21-34-19-utc-scaled.jpg\" \/>\n\t<meta property=\"og:image:width\" content=\"2560\" \/>\n\t<meta property=\"og:image:height\" content=\"1709\" \/>\n\t<meta property=\"og:image:type\" content=\"image\/jpeg\" \/>\n<meta name=\"twitter:card\" content=\"summary_large_image\" \/>\n<meta name=\"twitter:label1\" content=\"Estimated reading time\" \/>\n\t<meta name=\"twitter:data1\" content=\"2 minutes\" \/>\n<script type=\"application\/ld+json\" class=\"yoast-schema-graph\">{\"@context\":\"https:\/\/schema.org\",\"@graph\":[{\"@type\":\"WebPage\",\"@id\":\"https:\/\/testa.ad\/blog\/\",\"url\":\"https:\/\/testa.ad\/blog\/\",\"name\":\"Blog - Testa\",\"isPartOf\":{\"@id\":\"https:\/\/testa.ad\/#website\"},\"primaryImageOfPage\":{\"@id\":\"https:\/\/testa.ad\/blog\/#primaryimage\"},\"image\":{\"@id\":\"https:\/\/testa.ad\/blog\/#primaryimage\"},\"thumbnailUrl\":\"https:\/\/testa.ad\/wp-content\/uploads\/2025\/03\/taking-his-team-to-new-heights-2024-05-27-21-34-19-utc-300x200.jpg\",\"datePublished\":\"2025-02-25T09:19:44+00:00\",\"dateModified\":\"2025-07-09T07:53:56+00:00\",\"breadcrumb\":{\"@id\":\"https:\/\/testa.ad\/blog\/#breadcrumb\"},\"inLanguage\":\"en-GB\",\"potentialAction\":[{\"@type\":\"ReadAction\",\"target\":[\"https:\/\/testa.ad\/blog\/\"]}]},{\"@type\":\"ImageObject\",\"inLanguage\":\"en-GB\",\"@id\":\"https:\/\/testa.ad\/blog\/#primaryimage\",\"url\":\"https:\/\/testa.ad\/wp-content\/uploads\/2025\/03\/taking-his-team-to-new-heights-2024-05-27-21-34-19-utc-300x200.jpg\",\"contentUrl\":\"https:\/\/testa.ad\/wp-content\/uploads\/2025\/03\/taking-his-team-to-new-heights-2024-05-27-21-34-19-utc-300x200.jpg\"},{\"@type\":\"BreadcrumbList\",\"@id\":\"https:\/\/testa.ad\/blog\/#breadcrumb\",\"itemListElement\":[{\"@type\":\"ListItem\",\"position\":1,\"name\":\"Inici\",\"item\":\"https:\/\/testa.ad\/\"},{\"@type\":\"ListItem\",\"position\":2,\"name\":\"Blog\"}]},{\"@type\":\"WebSite\",\"@id\":\"https:\/\/testa.ad\/#website\",\"url\":\"https:\/\/testa.ad\/\",\"name\":\"Testa\",\"description\":\"\",\"publisher\":{\"@id\":\"https:\/\/testa.ad\/#organization\"},\"potentialAction\":[{\"@type\":\"SearchAction\",\"target\":{\"@type\":\"EntryPoint\",\"urlTemplate\":\"https:\/\/testa.ad\/?s={search_term_string}\"},\"query-input\":{\"@type\":\"PropertyValueSpecification\",\"valueRequired\":true,\"valueName\":\"search_term_string\"}}],\"inLanguage\":\"en-GB\"},{\"@type\":\"Organization\",\"@id\":\"https:\/\/testa.ad\/#organization\",\"name\":\"Testa\",\"url\":\"https:\/\/testa.ad\/\",\"logo\":{\"@type\":\"ImageObject\",\"inLanguage\":\"en-GB\",\"@id\":\"https:\/\/testa.ad\/#\/schema\/logo\/image\/\",\"url\":\"https:\/\/testa.ad\/wp-content\/uploads\/2025\/02\/cropped-Copia-de-LOGO-FONS-BLANC-04.png\",\"contentUrl\":\"https:\/\/testa.ad\/wp-content\/uploads\/2025\/02\/cropped-Copia-de-LOGO-FONS-BLANC-04.png\",\"width\":512,\"height\":512,\"caption\":\"Testa\"},\"image\":{\"@id\":\"https:\/\/testa.ad\/#\/schema\/logo\/image\/\"},\"sameAs\":[\"https:\/\/www.facebook.com\/people\/Testa\/100087945889060\/\",\"https:\/\/www.linkedin.com\/company\/testa-human-resources\",\"https:\/\/www.instagram.com\/testa_rrhh\/\"]}]}<\/script>\n<!-- \/ Yoast SEO plugin. -->","yoast_head_json":{"title":"Blog - Testa","robots":{"index":"index","follow":"follow","max-snippet":"max-snippet:-1","max-image-preview":"max-image-preview:large","max-video-preview":"max-video-preview:-1"},"canonical":"https:\/\/testa.ad\/en\/blog\/","og_locale":"en_GB","og_type":"article","og_title":"Blog - Testa","og_description":"Blog Consells, tend\u00e8ncies i novetats sobre feina i gesti\u00f3 de talent. Mant\u00e9n-te al dia! Entrada 5 Trobar feina a Andorra [&hellip;]","og_url":"https:\/\/testa.ad\/en\/blog\/","og_site_name":"Testa","article_publisher":"https:\/\/www.facebook.com\/people\/Testa\/100087945889060\/","article_modified_time":"2025-07-09T07:53:56+00:00","og_image":[{"width":2560,"height":1709,"url":"https:\/\/testa.ad\/wp-content\/uploads\/2025\/03\/taking-his-team-to-new-heights-2024-05-27-21-34-19-utc-scaled.jpg","type":"image\/jpeg"}],"twitter_card":"summary_large_image","twitter_misc":{"Estimated reading time":"2 minutes"},"schema":{"@context":"https:\/\/schema.org","@graph":[{"@type":"WebPage","@id":"https:\/\/testa.ad\/blog\/","url":"https:\/\/testa.ad\/blog\/","name":"Blog - Testa","isPartOf":{"@id":"https:\/\/testa.ad\/#website"},"primaryImageOfPage":{"@id":"https:\/\/testa.ad\/blog\/#primaryimage"},"image":{"@id":"https:\/\/testa.ad\/blog\/#primaryimage"},"thumbnailUrl":"https:\/\/testa.ad\/wp-content\/uploads\/2025\/03\/taking-his-team-to-new-heights-2024-05-27-21-34-19-utc-300x200.jpg","datePublished":"2025-02-25T09:19:44+00:00","dateModified":"2025-07-09T07:53:56+00:00","breadcrumb":{"@id":"https:\/\/testa.ad\/blog\/#breadcrumb"},"inLanguage":"en-GB","potentialAction":[{"@type":"ReadAction","target":["https:\/\/testa.ad\/blog\/"]}]},{"@type":"ImageObject","inLanguage":"en-GB","@id":"https:\/\/testa.ad\/blog\/#primaryimage","url":"https:\/\/testa.ad\/wp-content\/uploads\/2025\/03\/taking-his-team-to-new-heights-2024-05-27-21-34-19-utc-300x200.jpg","contentUrl":"https:\/\/testa.ad\/wp-content\/uploads\/2025\/03\/taking-his-team-to-new-heights-2024-05-27-21-34-19-utc-300x200.jpg"},{"@type":"BreadcrumbList","@id":"https:\/\/testa.ad\/blog\/#breadcrumb","itemListElement":[{"@type":"ListItem","position":1,"name":"Inici","item":"https:\/\/testa.ad\/"},{"@type":"ListItem","position":2,"name":"Blog"}]},{"@type":"WebSite","@id":"https:\/\/testa.ad\/#website","url":"https:\/\/testa.ad\/","name":"Testa","description":"","publisher":{"@id":"https:\/\/testa.ad\/#organization"},"potentialAction":[{"@type":"SearchAction","target":{"@type":"EntryPoint","urlTemplate":"https:\/\/testa.ad\/?s={search_term_string}"},"query-input":{"@type":"PropertyValueSpecification","valueRequired":true,"valueName":"search_term_string"}}],"inLanguage":"en-GB"},{"@type":"Organization","@id":"https:\/\/testa.ad\/#organization","name":"Testa","url":"https:\/\/testa.ad\/","logo":{"@type":"ImageObject","inLanguage":"en-GB","@id":"https:\/\/testa.ad\/#\/schema\/logo\/image\/","url":"https:\/\/testa.ad\/wp-content\/uploads\/2025\/02\/cropped-Copia-de-LOGO-FONS-BLANC-04.png","contentUrl":"https:\/\/testa.ad\/wp-content\/uploads\/2025\/02\/cropped-Copia-de-LOGO-FONS-BLANC-04.png","width":512,"height":512,"caption":"Testa"},"image":{"@id":"https:\/\/testa.ad\/#\/schema\/logo\/image\/"},"sameAs":["https:\/\/www.facebook.com\/people\/Testa\/100087945889060\/","https:\/\/www.linkedin.com\/company\/testa-human-resources","https:\/\/www.instagram.com\/testa_rrhh\/"]}]}},"_links":{"self":[{"href":"https:\/\/testa.ad\/en\/wp-json\/wp\/v2\/pages\/371","targetHints":{"allow":["GET"]}}],"collection":[{"href":"https:\/\/testa.ad\/en\/wp-json\/wp\/v2\/pages"}],"about":[{"href":"https:\/\/testa.ad\/en\/wp-json\/wp\/v2\/types\/page"}],"author":[{"embeddable":true,"href":"https:\/\/testa.ad\/en\/wp-json\/wp\/v2\/users\/1"}],"replies":[{"embeddable":true,"href":"https:\/\/testa.ad\/en\/wp-json\/wp\/v2\/comments?post=371"}],"version-history":[{"count":0,"href":"https:\/\/testa.ad\/en\/wp-json\/wp\/v2\/pages\/371\/revisions"}],"wp:attachment":[{"href":"https:\/\/testa.ad\/en\/wp-json\/wp\/v2\/media?parent=371"}],"curies":[{"name":"wp","href":"https:\/\/api.w.org\/{rel}","templated":true}]}}