{"id":1354,"date":"2025-04-14T03:01:59","date_gmt":"2025-04-14T03:01:59","guid":{"rendered":"https:\/\/testa.ad\/?page_id=1354"},"modified":"2025-07-03T11:52:56","modified_gmt":"2025-07-03T11:52:56","slug":"com-treballem","status":"publish","type":"page","link":"https:\/\/testa.ad\/en\/how-we-work\/","title":{"rendered":"How do we work?"},"content":{"rendered":"<div data-elementor-type=\"wp-page\" data-elementor-id=\"1354\" class=\"elementor elementor-1354\" data-elementor-post-type=\"page\">\n\t\t\t\t\t\t<section class=\"elementor-section elementor-top-section elementor-element elementor-element-63328ff elementor-section-height-min-height elementor-section-boxed elementor-section-height-default elementor-section-items-middle\" data-id=\"63328ff\" data-element_type=\"section\" data-settings=\"{&quot;background_background&quot;:&quot;classic&quot;,&quot;background_image&quot;:{&quot;url&quot;:&quot;&quot;,&quot;id&quot;:&quot;&quot;,&quot;size&quot;:&quot;&quot;,&quot;alt&quot;:&quot;&quot;,&quot;source&quot;:&quot;library&quot;},&quot;background_image_tablet&quot;:{&quot;url&quot;:&quot;&quot;,&quot;id&quot;:&quot;&quot;,&quot;size&quot;:&quot;&quot;},&quot;background_image_mobile&quot;:{&quot;url&quot;:&quot;&quot;,&quot;id&quot;:&quot;&quot;,&quot;size&quot;:&quot;&quot;}}\">\n\t\t\t\t\t\t\t<div class=\"elementor-background-overlay\"><\/div>\n\t\t\t\t\t\t\t<div class=\"elementor-container elementor-column-gap-default\">\n\t\t\t\t\t<div class=\"elementor-column elementor-col-100 elementor-top-column elementor-element elementor-element-536996b\" data-id=\"536996b\" data-element_type=\"column\">\n\t\t\t<div class=\"elementor-widget-wrap elementor-element-populated\">\n\t\t\t\t\t\t<div class=\"elementor-element elementor-element-df950fd elementor-widget elementor-widget-heading\" data-id=\"df950fd\" data-element_type=\"widget\" data-widget_type=\"heading.default\">\n\t\t\t\t<div class=\"elementor-widget-container\">\n\t\t\t\t\t<h1 class=\"elementor-heading-title elementor-size-default\">How do we work?<\/h1>\t\t\t\t<\/div>\n\t\t\t\t<\/div>\n\t\t\t\t<div class=\"elementor-element elementor-element-7b8b3de elementor-widget elementor-widget-text-editor\" data-id=\"7b8b3de\" data-element_type=\"widget\" data-widget_type=\"text-editor.default\">\n\t\t\t\t<div class=\"elementor-widget-container\">\n\t\t\t\t\t\t\t\t\t<p>Great teams need great people.<\/p>\t\t\t\t\t\t\t\t<\/div>\n\t\t\t\t<\/div>\n\t\t\t\t\t<\/div>\n\t\t<\/div>\n\t\t\t\t\t<\/div>\n\t\t<\/section>\n\t\t\t\t<section class=\"elementor-section elementor-top-section elementor-element elementor-element-83212de elementor-section-boxed elementor-section-height-default elementor-section-height-default\" data-id=\"83212de\" data-element_type=\"section\">\n\t\t\t\t\t\t<div class=\"elementor-container elementor-column-gap-default\">\n\t\t\t\t\t<div class=\"elementor-column elementor-col-100 elementor-top-column elementor-element elementor-element-1b5bb13\" data-id=\"1b5bb13\" data-element_type=\"column\">\n\t\t\t<div class=\"elementor-widget-wrap elementor-element-populated\">\n\t\t\t\t\t\t<div class=\"elementor-element elementor-element-f696b27 elementor-widget elementor-widget-text-editor\" data-id=\"f696b27\" data-element_type=\"widget\" data-widget_type=\"text-editor.default\">\n\t\t\t\t<div class=\"elementor-widget-container\">\n\t\t\t\t\t\t\t\t\t<p style=\"text-align: center;\"><strong data-start=\"105\" data-end=\"197\">Taking the step is important. Taking it with judgment, information and good support is even more important.<\/strong><br data-start=\"197\" data-end=\"200\" \/>At Testa, caring for people is not a formality. It is a relationship that begins with genuine listening and remains alive long after you have started your new professional challenge. Because looking for a job is a vital decision, and we want you to feel supported at all times.<\/p>\t\t\t\t\t\t\t\t<\/div>\n\t\t\t\t<\/div>\n\t\t\t\t\t<\/div>\n\t\t<\/div>\n\t\t\t\t\t<\/div>\n\t\t<\/section>\n\t\t<div class=\"elementor-element elementor-element-e2148eb e-flex e-con-boxed e-con e-parent\" data-id=\"e2148eb\" data-element_type=\"container\">\n\t\t\t\t\t<div class=\"e-con-inner\">\n\t\t\t\t<div class=\"elementor-element elementor-element-f4733cb ee-timeline-align--center ee-timeline-align-tablet--left ee-timeline-align-mobile--left ee-timeline-cards-align--top ee-timeline-cards-align-tablet--top ee-timeline-cards-align-mobile--top ee-timeline-animate elementor-widget elementor-widget-timeline\" data-id=\"f4733cb\" data-element_type=\"widget\" data-settings=\"{&quot;line_location&quot;:{&quot;unit&quot;:&quot;px&quot;,&quot;size&quot;:50,&quot;sizes&quot;:[]}}\" data-widget_type=\"timeline.default\">\n\t\t\t\t<div class=\"elementor-widget-container\">\n\t\t\t\t\t<section class=\"ee-timeline ee-timeline--vertical\"><div class=\"ee-timeline__line\">\n\t\t\t<div class=\"ee-timeline__line__inner\"><\/div>\n\t\t<\/div><div class=\"elementor-repeater-item-75d77e4 ee-timeline__item timeline-item\">\n\t\t\t\t<div class=\"timeline-item__point\"><div class=\"timeline-item__point__text\">1<\/div><\/div>\n\t\t\t\t<div class=\"timeline-item__card-wrapper\">\n\t\t\t\t\t<div class=\"timeline-item__card\">\n\n\t\t\t\t\t\t<div class=\"timeline-item__content-wrapper\"><div class=\"timeline-item__content\"><!-- meta -->\n\t\t<div class=\"timeline-item__meta meta\">\n\t\t\t\t\t<\/div><div class=\"timeline-item__content__wysiwyg\">\n\t\t\t\t<h2><b>Let&#039;s connect<\/b><\/h2><p><span style=\"font-size: 18px; font-style: inherit; font-family: Girloy, sans-serif;\"><b>All requests count.<\/b><br \/><\/span><span style=\"font-style: inherit; font-size: 18px; font-family: Girloy, sans-serif; font-weight: normal;\">You can apply to an active vacancy, send us your CV or simply say hello via LinkedIn.\u00a0\u00a0<br \/><\/span>We carefully review all applications. If you&#039;re a good fit, we&#039;ll let you know soon. If it&#039;s not the right time, we&#039;ll keep you on our radar for future opportunities.<\/p>\t\t\t<\/div>\n\t\t<\/div><\/div><div class=\"timeline-item__card__arrow\"><\/div><\/div>\n\t\t\t\t<\/div>\n\t\t\t\t<div class=\"timeline-item__meta-wrapper\"><!-- meta -->\n\t\t<div class=\"timeline-item__meta meta timeline-item__meta meta\">\n\t\t\t\t\t<\/div><\/div>\n\t\t\t<\/div><div class=\"elementor-repeater-item-5c2f2c8 ee-timeline__item timeline-item\">\n\t\t\t\t<div class=\"timeline-item__point\"><div class=\"timeline-item__point__text\">2<\/div><\/div>\n\t\t\t\t<div class=\"timeline-item__card-wrapper\">\n\t\t\t\t\t<div class=\"timeline-item__card\">\n\n\t\t\t\t\t\t<div class=\"timeline-item__content-wrapper\"><div class=\"timeline-item__content\"><!-- meta -->\n\t\t<div class=\"timeline-item__meta meta\">\n\t\t\t\t\t<\/div><div class=\"timeline-item__content__wysiwyg\">\n\t\t\t\t<h2><b>Introductory call<\/b><\/h2><p><strong>First we talk, then we move forward.<\/strong><br \/>We will contact you to get to know you better and validate your fit with the open vacancies. <br \/>If we see a match, we&#039;ll move forward together. If not, we&#039;ll let you know anyway and, if you want, we&#039;ll save your profile for the future.<\/p>\t\t\t<\/div>\n\t\t<\/div><\/div><div class=\"timeline-item__card__arrow\"><\/div><\/div>\n\t\t\t\t<\/div>\n\t\t\t\t<div class=\"timeline-item__meta-wrapper\"><!-- meta -->\n\t\t<div class=\"timeline-item__meta meta timeline-item__meta meta\">\n\t\t\t\t\t<\/div><\/div>\n\t\t\t<\/div><div class=\"elementor-repeater-item-14c6167 ee-timeline__item timeline-item\">\n\t\t\t\t<div class=\"timeline-item__point\"><div class=\"timeline-item__point__text\">3<\/div><\/div>\n\t\t\t\t<div class=\"timeline-item__card-wrapper\">\n\t\t\t\t\t<div class=\"timeline-item__card\">\n\n\t\t\t\t\t\t<div class=\"timeline-item__content-wrapper\"><div class=\"timeline-item__content\"><!-- meta -->\n\t\t<div class=\"timeline-item__meta meta\">\n\t\t\t\t\t<\/div><div class=\"timeline-item__content__wysiwyg\">\n\t\t\t\t<h2><b>Face to face<\/b><\/h2><p><strong>Let&#039;s talk about you, not just your CV.<\/strong><br \/>When there is a possible match, we meet. We want to talk about you: what you are looking for, what excites you, what you want to avoid. <br \/>Let&#039;s identify together what type of project would help you grow.<\/p>\t\t\t<\/div>\n\t\t<\/div><\/div><div class=\"timeline-item__card__arrow\"><\/div><\/div>\n\t\t\t\t<\/div>\n\t\t\t\t<div class=\"timeline-item__meta-wrapper\"><!-- meta -->\n\t\t<div class=\"timeline-item__meta meta timeline-item__meta meta\">\n\t\t\t\t\t<\/div><\/div>\n\t\t\t<\/div><div class=\"elementor-repeater-item-7a44481 ee-timeline__item timeline-item\">\n\t\t\t\t<div class=\"timeline-item__point\"><div class=\"timeline-item__point__text\">4<\/div><\/div>\n\t\t\t\t<div class=\"timeline-item__card-wrapper\">\n\t\t\t\t\t<div class=\"timeline-item__card\">\n\n\t\t\t\t\t\t<div class=\"timeline-item__content-wrapper\"><div class=\"timeline-item__content\"><!-- meta -->\n\t\t<div class=\"timeline-item__meta meta\">\n\t\t\t\t\t<\/div><div class=\"timeline-item__content__wysiwyg\">\n\t\t\t\t<h2><b>Get to know the company<\/b><\/h2><p><strong>We accompany you every step of the way.<\/strong><br \/>With your permission, we present your profile to the client with a report that highlights your potential. <br \/>If there is interest, we will coordinate an interview and help you prepare it. <br \/>If you&#039;re not the chosen person, we&#039;ll tell you that too\u2014with real feedback.<\/p>\t\t\t<\/div>\n\t\t<\/div><\/div><div class=\"timeline-item__card__arrow\"><\/div><\/div>\n\t\t\t\t<\/div>\n\t\t\t\t<div class=\"timeline-item__meta-wrapper\"><!-- meta -->\n\t\t<div class=\"timeline-item__meta meta timeline-item__meta meta\">\n\t\t\t\t\t<\/div><\/div>\n\t\t\t<\/div><div class=\"elementor-repeater-item-bd6217b ee-timeline__item timeline-item\">\n\t\t\t\t<div class=\"timeline-item__point\"><div class=\"timeline-item__point__text\">5<\/div><\/div>\n\t\t\t\t<div class=\"timeline-item__card-wrapper\">\n\t\t\t\t\t<div class=\"timeline-item__card\">\n\n\t\t\t\t\t\t<div class=\"timeline-item__content-wrapper\"><div class=\"timeline-item__content\"><!-- meta -->\n\t\t<div class=\"timeline-item__meta meta\">\n\t\t\t\t\t<\/div><div class=\"timeline-item__content__wysiwyg\">\n\t\t\t\t<h2><b>Tracking <\/b><\/h2><p><strong>We don&#039;t disappear after signing.<\/strong><br \/>When you start the new challenge, we will stay in touch. <br \/>During the first few months, we will be on the lookout to make sure everything fits and that you feel comfortable.<\/p>\t\t\t<\/div>\n\t\t<\/div><\/div><div class=\"timeline-item__card__arrow\"><\/div><\/div>\n\t\t\t\t<\/div>\n\t\t\t\t<div class=\"timeline-item__meta-wrapper\"><!-- meta -->\n\t\t<div class=\"timeline-item__meta meta timeline-item__meta meta\">\n\t\t\t\t\t<\/div><\/div>\n\t\t\t<\/div><\/section>\t\t\t\t<\/div>\n\t\t\t\t<\/div>\n\t\t\t\t\t<\/div>\n\t\t\t\t<\/div>\n\t\t<div class=\"elementor-element elementor-element-bd389f0 bdt-backdrop-filter-yes e-flex e-con-boxed e-con e-parent\" data-id=\"bd389f0\" data-element_type=\"container\">\n\t\t\t\t\t<div class=\"e-con-inner\">\n\t\t\t\t<div class=\"elementor-element elementor-element-0cc02c0 elementor-widget__width-inherit elementor-widget elementor-widget-heading\" data-id=\"0cc02c0\" data-element_type=\"widget\" data-widget_type=\"heading.default\">\n\t\t\t\t<div class=\"elementor-widget-container\">\n\t\t\t\t\t<h2 class=\"elementor-heading-title elementor-size-default\">Supporting you isn&#039;t just about helping you find a job. It&#039;s about making sure you take a step that makes sense for you.<\/h2>\t\t\t\t<\/div>\n\t\t\t\t<\/div>\n\t\t\t\t\t<\/div>\n\t\t\t\t<\/div>\n\t\t\t\t<\/div>","protected":false},"excerpt":{"rendered":"<p>Great teams need great people. Making the leap is important. Making it with judgement, information and good guidance is even more so. A [\u2026]<\/p>","protected":false},"author":1,"featured_media":0,"parent":0,"menu_order":0,"comment_status":"closed","ping_status":"closed","template":"","meta":{"site-sidebar-layout":"no-sidebar","site-content-layout":"","ast-site-content-layout":"full-width-container","site-content-style":"default","site-sidebar-style":"default","ast-global-header-display":"","ast-banner-title-visibility":"","ast-main-header-display":"","ast-hfb-above-header-display":"","ast-hfb-below-header-display":"","ast-hfb-mobile-header-display":"","site-post-title":"disabled","ast-breadcrumbs-content":"","ast-featured-img":"disabled","footer-sml-layout":"","theme-transparent-header-meta":"","adv-header-id-meta":"","stick-header-meta":"","header-above-stick-meta":"","header-main-stick-meta":"","header-below-stick-meta":"","astra-migrate-meta-layouts":"default","ast-page-background-enabled":"default","ast-page-background-meta":{"desktop":{"background-color":"var(--ast-global-color-5)","background-image":"","background-repeat":"repeat","background-position":"center center","background-size":"auto","background-attachment":"scroll","background-type":"","background-media":"","overlay-type":"","overlay-color":"","overlay-opacity":"","overlay-gradient":""},"tablet":{"background-color":"","background-image":"","background-repeat":"repeat","background-position":"center center","background-size":"auto","background-attachment":"scroll","background-type":"","background-media":"","overlay-type":"","overlay-color":"","overlay-opacity":"","overlay-gradient":""},"mobile":{"background-color":"","background-image":"","background-repeat":"repeat","background-position":"center center","background-size":"auto","background-attachment":"scroll","background-type":"","background-media":"","overlay-type":"","overlay-color":"","overlay-opacity":"","overlay-gradient":""}},"ast-content-background-meta":{"desktop":{"background-color":"var(--ast-global-color-4)","background-image":"","background-repeat":"repeat","background-position":"center center","background-size":"auto","background-attachment":"scroll","background-type":"","background-media":"","overlay-type":"","overlay-color":"","overlay-opacity":"","overlay-gradient":""},"tablet":{"background-color":"var(--ast-global-color-4)","background-image":"","background-repeat":"repeat","background-position":"center center","background-size":"auto","background-attachment":"scroll","background-type":"","background-media":"","overlay-type":"","overlay-color":"","overlay-opacity":"","overlay-gradient":""},"mobile":{"background-color":"var(--ast-global-color-4)","background-image":"","background-repeat":"repeat","background-position":"center center","background-size":"auto","background-attachment":"scroll","background-type":"","background-media":"","overlay-type":"","overlay-color":"","overlay-opacity":"","overlay-gradient":""}},"footnotes":""},"class_list":["post-1354","page","type-page","status-publish","hentry"],"yoast_head":"<!-- This site is optimized with the Yoast SEO plugin v25.4 - https:\/\/yoast.com\/wordpress\/plugins\/seo\/ -->\n<title>Com treballem? - Testa<\/title>\n<meta name=\"robots\" content=\"index, follow, max-snippet:-1, max-image-preview:large, max-video-preview:-1\" \/>\n<link rel=\"canonical\" href=\"https:\/\/testa.ad\/en\/how-we-work\/\" \/>\n<meta property=\"og:locale\" content=\"en_GB\" \/>\n<meta property=\"og:type\" content=\"article\" \/>\n<meta property=\"og:title\" content=\"Com treballem? - Testa\" \/>\n<meta property=\"og:description\" content=\"Els grans equips necessiten grans persones. Fer el pas \u00e9s important. Fer-lo amb criteri, informaci\u00f3 i bon acompanyament, encara m\u00e9s.A [&hellip;]\" \/>\n<meta property=\"og:url\" content=\"https:\/\/testa.ad\/en\/how-we-work\/\" \/>\n<meta property=\"og:site_name\" content=\"Testa\" \/>\n<meta property=\"article:publisher\" content=\"https:\/\/www.facebook.com\/people\/Testa\/100087945889060\/\" \/>\n<meta property=\"article:modified_time\" content=\"2025-07-03T11:52:56+00:00\" \/>\n<meta name=\"twitter:card\" content=\"summary_large_image\" \/>\n<meta name=\"twitter:label1\" content=\"Estimated reading time\" \/>\n\t<meta name=\"twitter:data1\" content=\"2 minutes\" \/>\n<script type=\"application\/ld+json\" class=\"yoast-schema-graph\">{\"@context\":\"https:\/\/schema.org\",\"@graph\":[{\"@type\":\"WebPage\",\"@id\":\"https:\/\/testa.ad\/com-treballem\/\",\"url\":\"https:\/\/testa.ad\/com-treballem\/\",\"name\":\"Com treballem? - Testa\",\"isPartOf\":{\"@id\":\"https:\/\/testa.ad\/#website\"},\"datePublished\":\"2025-04-14T03:01:59+00:00\",\"dateModified\":\"2025-07-03T11:52:56+00:00\",\"breadcrumb\":{\"@id\":\"https:\/\/testa.ad\/com-treballem\/#breadcrumb\"},\"inLanguage\":\"en-GB\",\"potentialAction\":[{\"@type\":\"ReadAction\",\"target\":[\"https:\/\/testa.ad\/com-treballem\/\"]}]},{\"@type\":\"BreadcrumbList\",\"@id\":\"https:\/\/testa.ad\/com-treballem\/#breadcrumb\",\"itemListElement\":[{\"@type\":\"ListItem\",\"position\":1,\"name\":\"Inici\",\"item\":\"https:\/\/testa.ad\/\"},{\"@type\":\"ListItem\",\"position\":2,\"name\":\"Com treballem?\"}]},{\"@type\":\"WebSite\",\"@id\":\"https:\/\/testa.ad\/#website\",\"url\":\"https:\/\/testa.ad\/\",\"name\":\"Testa\",\"description\":\"\",\"publisher\":{\"@id\":\"https:\/\/testa.ad\/#organization\"},\"potentialAction\":[{\"@type\":\"SearchAction\",\"target\":{\"@type\":\"EntryPoint\",\"urlTemplate\":\"https:\/\/testa.ad\/?s={search_term_string}\"},\"query-input\":{\"@type\":\"PropertyValueSpecification\",\"valueRequired\":true,\"valueName\":\"search_term_string\"}}],\"inLanguage\":\"en-GB\"},{\"@type\":\"Organization\",\"@id\":\"https:\/\/testa.ad\/#organization\",\"name\":\"Testa\",\"url\":\"https:\/\/testa.ad\/\",\"logo\":{\"@type\":\"ImageObject\",\"inLanguage\":\"en-GB\",\"@id\":\"https:\/\/testa.ad\/#\/schema\/logo\/image\/\",\"url\":\"https:\/\/testa.ad\/wp-content\/uploads\/2025\/02\/cropped-Copia-de-LOGO-FONS-BLANC-04.png\",\"contentUrl\":\"https:\/\/testa.ad\/wp-content\/uploads\/2025\/02\/cropped-Copia-de-LOGO-FONS-BLANC-04.png\",\"width\":512,\"height\":512,\"caption\":\"Testa\"},\"image\":{\"@id\":\"https:\/\/testa.ad\/#\/schema\/logo\/image\/\"},\"sameAs\":[\"https:\/\/www.facebook.com\/people\/Testa\/100087945889060\/\",\"https:\/\/www.linkedin.com\/company\/testa-human-resources\",\"https:\/\/www.instagram.com\/testa_rrhh\/\"]}]}<\/script>\n<!-- \/ Yoast SEO plugin. -->","yoast_head_json":{"title":"Com treballem? - Testa","robots":{"index":"index","follow":"follow","max-snippet":"max-snippet:-1","max-image-preview":"max-image-preview:large","max-video-preview":"max-video-preview:-1"},"canonical":"https:\/\/testa.ad\/en\/how-we-work\/","og_locale":"en_GB","og_type":"article","og_title":"Com treballem? - Testa","og_description":"Els grans equips necessiten grans persones. Fer el pas \u00e9s important. Fer-lo amb criteri, informaci\u00f3 i bon acompanyament, encara m\u00e9s.A [&hellip;]","og_url":"https:\/\/testa.ad\/en\/how-we-work\/","og_site_name":"Testa","article_publisher":"https:\/\/www.facebook.com\/people\/Testa\/100087945889060\/","article_modified_time":"2025-07-03T11:52:56+00:00","twitter_card":"summary_large_image","twitter_misc":{"Estimated reading time":"2 minutes"},"schema":{"@context":"https:\/\/schema.org","@graph":[{"@type":"WebPage","@id":"https:\/\/testa.ad\/com-treballem\/","url":"https:\/\/testa.ad\/com-treballem\/","name":"Com treballem? - Testa","isPartOf":{"@id":"https:\/\/testa.ad\/#website"},"datePublished":"2025-04-14T03:01:59+00:00","dateModified":"2025-07-03T11:52:56+00:00","breadcrumb":{"@id":"https:\/\/testa.ad\/com-treballem\/#breadcrumb"},"inLanguage":"en-GB","potentialAction":[{"@type":"ReadAction","target":["https:\/\/testa.ad\/com-treballem\/"]}]},{"@type":"BreadcrumbList","@id":"https:\/\/testa.ad\/com-treballem\/#breadcrumb","itemListElement":[{"@type":"ListItem","position":1,"name":"Inici","item":"https:\/\/testa.ad\/"},{"@type":"ListItem","position":2,"name":"Com treballem?"}]},{"@type":"WebSite","@id":"https:\/\/testa.ad\/#website","url":"https:\/\/testa.ad\/","name":"Testa","description":"","publisher":{"@id":"https:\/\/testa.ad\/#organization"},"potentialAction":[{"@type":"SearchAction","target":{"@type":"EntryPoint","urlTemplate":"https:\/\/testa.ad\/?s={search_term_string}"},"query-input":{"@type":"PropertyValueSpecification","valueRequired":true,"valueName":"search_term_string"}}],"inLanguage":"en-GB"},{"@type":"Organization","@id":"https:\/\/testa.ad\/#organization","name":"Testa","url":"https:\/\/testa.ad\/","logo":{"@type":"ImageObject","inLanguage":"en-GB","@id":"https:\/\/testa.ad\/#\/schema\/logo\/image\/","url":"https:\/\/testa.ad\/wp-content\/uploads\/2025\/02\/cropped-Copia-de-LOGO-FONS-BLANC-04.png","contentUrl":"https:\/\/testa.ad\/wp-content\/uploads\/2025\/02\/cropped-Copia-de-LOGO-FONS-BLANC-04.png","width":512,"height":512,"caption":"Testa"},"image":{"@id":"https:\/\/testa.ad\/#\/schema\/logo\/image\/"},"sameAs":["https:\/\/www.facebook.com\/people\/Testa\/100087945889060\/","https:\/\/www.linkedin.com\/company\/testa-human-resources","https:\/\/www.instagram.com\/testa_rrhh\/"]}]}},"_links":{"self":[{"href":"https:\/\/testa.ad\/en\/wp-json\/wp\/v2\/pages\/1354","targetHints":{"allow":["GET"]}}],"collection":[{"href":"https:\/\/testa.ad\/en\/wp-json\/wp\/v2\/pages"}],"about":[{"href":"https:\/\/testa.ad\/en\/wp-json\/wp\/v2\/types\/page"}],"author":[{"embeddable":true,"href":"https:\/\/testa.ad\/en\/wp-json\/wp\/v2\/users\/1"}],"replies":[{"embeddable":true,"href":"https:\/\/testa.ad\/en\/wp-json\/wp\/v2\/comments?post=1354"}],"version-history":[{"count":0,"href":"https:\/\/testa.ad\/en\/wp-json\/wp\/v2\/pages\/1354\/revisions"}],"wp:attachment":[{"href":"https:\/\/testa.ad\/en\/wp-json\/wp\/v2\/media?parent=1354"}],"curies":[{"name":"wp","href":"https:\/\/api.w.org\/{rel}","templated":true}]}}